{"id":976,"date":"2021-07-14T13:24:34","date_gmt":"2021-07-14T11:24:34","guid":{"rendered":"https:\/\/dafrapharma.designbyfloor-beta.be\/la-declaration-de-confidentialite\/"},"modified":"2021-08-11T15:39:28","modified_gmt":"2021-08-11T13:39:28","slug":"la-declaration-de-confidentialite","status":"publish","type":"page","link":"https:\/\/www.dafrapharma.com\/fr\/la-declaration-de-confidentialite\/","title":{"rendered":"La d\u00e9claration de confidentialit\u00e9"},"content":{"rendered":"\t\t<div data-elementor-type=\"wp-page\" data-elementor-id=\"976\" class=\"elementor elementor-976 elementor-18\" data-elementor-post-type=\"page\">\n\t\t\t\t\t\t<section class=\"elementor-section elementor-top-section elementor-element elementor-element-9f44866 elementor-section-boxed elementor-section-height-default elementor-section-height-default\" data-id=\"9f44866\" data-element_type=\"section\">\n\t\t\t\t\t\t<div class=\"elementor-container elementor-column-gap-default\">\n\t\t\t\t\t<div class=\"elementor-column elementor-col-100 elementor-top-column elementor-element elementor-element-fe5a215\" data-id=\"fe5a215\" data-element_type=\"column\" data-settings=\"{&quot;background_background&quot;:&quot;classic&quot;}\">\n\t\t\t<div class=\"elementor-widget-wrap elementor-element-populated\">\n\t\t\t\t\t\t<section class=\"elementor-section elementor-inner-section elementor-element elementor-element-d372b76 elementor-section-boxed elementor-section-height-default elementor-section-height-default\" data-id=\"d372b76\" data-element_type=\"section\">\n\t\t\t\t\t\t<div class=\"elementor-container elementor-column-gap-default\">\n\t\t\t\t\t<div class=\"elementor-column elementor-col-100 elementor-inner-column elementor-element elementor-element-46642cd\" data-id=\"46642cd\" data-element_type=\"column\">\n\t\t\t<div class=\"elementor-widget-wrap elementor-element-populated\">\n\t\t\t\t\t\t<div class=\"elementor-element elementor-element-88d0523 elementor-widget elementor-widget-text-editor\" data-id=\"88d0523\" data-element_type=\"widget\" data-widget_type=\"text-editor.default\">\n\t\t\t\t<div class=\"elementor-widget-container\">\n\t\t\t\t\t\t\t\t\t<div class=\"field-item even\">\n<div class=\"entity entity-paragraphs-item paragraphs-item-text-full-width view-mode-full\">\n<div class=\"row\">\n<div class=\"col-lg-36 \">\n<div id=\"assurer-la-confidentialit\u00e9\" class=\"field field-name-field-paragraph-title field-type-text field-label-hidden\">\n<div class=\"field-items\">\n<div class=\"field-item even\">\n<h1>ASSURER LA CONFIDENTIALIT\u00c9<\/h1>\n<\/div>\n<\/div>\n<\/div>\n<div class=\"field field-name-field-paragraph-text field-type-text-long field-label-hidden\">\n<div class=\"field-items\">\n<div class=\"field-item even\">\n<p>Chez Dafra Pharma, la confidentialit\u00e9 nous tient \u00e0 coeur et nous tenons \u00e0 vous informer sur la fa\u00e7on dont les informations sont recueillies sur notre site web et comment nous avons l\u2019intention de l\u2019utiliser. Voil\u00e0 pourquoi nous avons cr\u00e9\u00e9 cette politique de confidentialit\u00e9 pour Dafra Pharma International SA, le propri\u00e9taire de\u00a0<a href=\"http:\/\/www.dafrapharma.com\/\">www.dafrapharma.com<\/a><\/p>\n<\/div>\n<\/div>\n<\/div>\n<\/div>\n<\/div>\n<\/div>\n<\/div>\n<div class=\"field-item odd\">\n<div class=\"entity entity-paragraphs-item paragraphs-item-text-full-width view-mode-full\">\n<div class=\"row\">\n<div class=\"col-lg-36 \">\n<div id=\"permission\" class=\"field field-name-field-paragraph-title field-type-text field-label-hidden\">\n<div class=\"field-items\">\n<div class=\"field-item even\">\n<h2>PERMISSION<\/h2>\n<\/div>\n<\/div>\n<\/div>\n<div class=\"field field-name-field-paragraph-text field-type-text-long field-label-hidden\">\n<div class=\"field-items\">\n<div class=\"field-item even\">\n<p>En utilisant les informations et services sur\u00a0<a href=\"http:\/\/www.dafrapharma.com\/\">www.dafrapharma.com<\/a>, vous acceptez de respecter notre politique de confidentialit\u00e9 et ses conditions.<\/p>\n<\/div>\n<\/div>\n<\/div>\n<\/div>\n<\/div>\n<\/div>\n<\/div>\n<div class=\"field-item even\">\n<div class=\"entity entity-paragraphs-item paragraphs-item-text-full-width view-mode-full\">\n<div class=\"row\">\n<div class=\"col-lg-36 \">\n<div id=\"votre-information\" class=\"field field-name-field-paragraph-title field-type-text field-label-hidden\">\n<div class=\"field-items\">\n<div class=\"field-item even\">\n<h2>VOTRE INFORMATION<\/h2>\n<\/div>\n<\/div>\n<\/div>\n<div class=\"field field-name-field-paragraph-text field-type-text-long field-label-hidden\">\n<div class=\"field-items\">\n<div class=\"field-item even\">\n<p>Sur notre site web public, conform\u00e9ment\u00a0\u00e0 la\u00a0r\u00e9glementation \u00e9tablie, nous ne sommes pas autoris\u00e9s \u00e0 fournir des informations d\u00e9taill\u00e9es sur le produit, ni de promouvoir d\u2019aucune fa\u00e7on les m\u00e9dicaments sur ordonnance.\u00a0 C\u2019est pour cel\u00e0 que nous y avons cr\u00e9\u00e9 une section sp\u00e9ciale pour informer nos partenaires des soins de sant\u00e9, et pour assister les professionnels de la sant\u00e9 dans leur pratique journali\u00e8re. Vous ne trouverez aucune information sur nos m\u00e9dicaments sur ordonnance \u00e0 but promotionnel sur notre site web public.<\/p>\n<p>Pour acc\u00e9der au site web pour les professionnels de la sant\u00e9, vous devez \u00eatre docteur. Vous devez par cons\u00e9quent fournir l\u2019information suivante: titre, nom de famille, pr\u00e9nom, profession, sp\u00e9cialit\u00e9, ville, pays et adresse e-mail. Nous sommes oblig\u00e9s de vous demander ces informations afin de nous assurer qu\u2019uniquement les professionnels de la sant\u00e9 aient acc\u00e8s \u00e0 cette partie.<\/p>\n<p>Nous rassemblons aussi les donn\u00e9es personnelles de la section \u201cContactez-nous\u201d de notre site web. (Nous avons cr\u00e9\u00e9 une partie sp\u00e9ciale o\u00f9 vous pouvez vous abonner \u00e0 notre newsletter ou demander de plus amples informations sur des produits sp\u00e9cifiques).<\/p>\n<\/div>\n<\/div>\n<\/div>\n<\/div>\n<\/div>\n<\/div>\n<\/div>\n<div class=\"field-item odd\">\n<div class=\"entity entity-paragraphs-item paragraphs-item-text-full-width view-mode-full\">\n<div class=\"row\">\n<div class=\"col-lg-36 \">\n<div id=\"questions\" class=\"field field-name-field-paragraph-title field-type-text field-label-hidden\">\n<div class=\"field-items\">\n<div class=\"field-item even\">\n<h2>QUESTIONS<\/h2>\n<\/div>\n<\/div>\n<\/div>\n<div class=\"field field-name-field-paragraph-text field-type-text-long field-label-hidden\">\n<div class=\"field-items\">\n<div class=\"field-item even\">\n<p>Si vous souhaitez recevoir plus d\u2019informations ou si vous avez des questions au sujet de la politique de confidentialit\u00e9 de Dafra Pharma International S.A., et plus pr\u00e9cis\u00e9ment de\u00a0<a href=\"http:\/\/www.dafrapharma.com\/\">www.dafrapharma.com<\/a>, vous pouvez nous contacter par e-mail:\u00a0<a href=\"mailto:info@dafrapharma.com\">info@dafrapharma.com<\/a>.<\/p>\n<\/div>\n<\/div>\n<\/div>\n<\/div>\n<\/div>\n<\/div>\n<\/div>\n<div class=\"field-item even\">\n<div class=\"entity entity-paragraphs-item paragraphs-item-text-full-width view-mode-full\">\n<div class=\"row\">\n<div class=\"col-lg-36 \">\n<div id=\"surveiller-le-comportement-des-visiteurs\" class=\"field field-name-field-paragraph-title field-type-text field-label-hidden\">\n<div class=\"field-items\">\n<div class=\"field-item even\">\n<h2>SURVEILLER LE COMPORTEMENT DES VISITEURS<\/h2>\n<\/div>\n<\/div>\n<\/div>\n<div class=\"field field-name-field-paragraph-text field-type-text-long field-label-hidden\">\n<div class=\"field-items\">\n<div class=\"field-item even\">\n<p><a href=\"http:\/\/www.dafrapharma.com\/\">www.dafrapharma.com<\/a>\u00a0 utilise plusieurs technologies pour tracer les visiteurs du site web, leur comportement et les pages qu\u2019ils visitent. Ceci est standard pour tous les sites web, et cette information peut \u00eatre utilis\u00e9e pour optimaliser l\u2019exp\u00e9rience g\u00e9n\u00e9rale des visiteurs. Les informations, que nous rassemblons au moyen de cookies, sont les adresses IP, le type de navigateur, et les pages du site web visit\u00e9es.<\/p>\n<p>Nous surveillons aussi les utilisateurs lors de leur premi\u00e8re visite, et v\u00e9rifions de quelles pages ils commencent leur recherches. Nous utilisons et traitons cette information de fa\u00e7on anonyme et sans la lier aux autres informations personnelles.<\/p>\n<\/div>\n<\/div>\n<\/div>\n<\/div>\n<\/div>\n<\/div>\n<\/div>\n<div class=\"field-item odd\">\n<div class=\"entity entity-paragraphs-item paragraphs-item-text-full-width view-mode-full\">\n<div class=\"row\">\n<div class=\"col-lg-36 \">\n<div id=\"cookies\" class=\"field field-name-field-paragraph-title field-type-text field-label-hidden\">\n<div class=\"field-items\">\n<div class=\"field-item even\">\n<h2>COOKIES<\/h2>\n<\/div>\n<\/div>\n<\/div>\n<div class=\"field field-name-field-paragraph-text field-type-text-long field-label-hidden\">\n<div class=\"field-items\">\n<div class=\"field-item even\">\n<p><a href=\"http:\/\/www.dafrapharma.com\/\">www.dafrapharma.com<\/a>\u00a0utilise des cookies sur son site web. Ces cookies tracent quelles pages ont \u00e9t\u00e9 visit\u00e9es et font le suivi de visites r\u00e9p\u00e9t\u00e9es, pour voir quelles pages sont les pr\u00e9f\u00e9r\u00e9es. Nous rassemblons aussi les informations partag\u00e9es par le navigateur.<\/p>\n<\/div>\n<\/div>\n<\/div>\n<\/div>\n<\/div>\n<\/div>\n<\/div>\n<div class=\"field-item even\">\n<div class=\"entity entity-paragraphs-item paragraphs-item-text-full-width view-mode-full\">\n<div class=\"row\">\n<div class=\"col-lg-36 \">\n<div id=\"desactiver-les-cookies\" class=\"field field-name-field-paragraph-title field-type-text field-label-hidden\">\n<div class=\"field-items\">\n<div class=\"field-item even\">\n<h2>DESACTIVER LES COOKIES<\/h2>\n<\/div>\n<\/div>\n<\/div>\n<div class=\"field field-name-field-paragraph-text field-type-text-long field-label-hidden\">\n<div class=\"field-items\">\n<div class=\"field-item even\">\n<p>Vous pouvez choisir de d\u00e9sactiver les cookies sur notre site web en les d\u00e9sactivant dans votre navigateur.<\/p>\n<\/div>\n<\/div>\n<\/div>\n<\/div>\n<\/div>\n<\/div>\n<\/div>\n\t\t\t\t\t\t\t\t<\/div>\n\t\t\t\t<\/div>\n\t\t\t\t\t<\/div>\n\t\t<\/div>\n\t\t\t\t\t<\/div>\n\t\t<\/section>\n\t\t\t\t\t<\/div>\n\t\t<\/div>\n\t\t\t\t\t<\/div>\n\t\t<\/section>\n\t\t\t\t<\/div>\n\t\t","protected":false},"excerpt":{"rendered":"<p>ASSURER LA CONFIDENTIALIT\u00c9 Chez Dafra Pharma, la confidentialit\u00e9 nous tient \u00e0 coeur et nous tenons \u00e0 vous informer sur la fa\u00e7on dont les informations sont recueillies sur notre site web et comment nous avons l\u2019intention de l\u2019utiliser. Voil\u00e0 pourquoi nous avons cr\u00e9\u00e9 cette politique de confidentialit\u00e9 pour Dafra Pharma International SA, le propri\u00e9taire de\u00a0www.dafrapharma.com PERMISSION [&hellip;]<\/p>\n","protected":false},"author":1,"featured_media":0,"parent":0,"menu_order":0,"comment_status":"closed","ping_status":"closed","template":"elementor_header_footer","meta":{"footnotes":""},"location":[],"class_list":["post-976","page","type-page","status-publish","hentry"],"yoast_head":"<!-- This site is optimized with the Yoast SEO plugin v27.4 - https:\/\/yoast.com\/product\/yoast-seo-wordpress\/ -->\n<title>La d\u00e9claration de confidentialit\u00e9 - Dafra Pharma<\/title>\n<meta name=\"robots\" content=\"index, follow, max-snippet:-1, max-image-preview:large, max-video-preview:-1\" \/>\n<link rel=\"canonical\" href=\"https:\/\/www.dafrapharma.com\/fr\/la-declaration-de-confidentialite\/\" \/>\n<meta property=\"og:locale\" content=\"fr_FR\" \/>\n<meta property=\"og:type\" content=\"article\" \/>\n<meta property=\"og:title\" content=\"La d\u00e9claration de confidentialit\u00e9 - Dafra Pharma\" \/>\n<meta property=\"og:description\" content=\"ASSURER LA CONFIDENTIALIT\u00c9 Chez Dafra Pharma, la confidentialit\u00e9 nous tient \u00e0 coeur et nous tenons \u00e0 vous informer sur la fa\u00e7on dont les informations sont recueillies sur notre site web et comment nous avons l\u2019intention de l\u2019utiliser. Voil\u00e0 pourquoi nous avons cr\u00e9\u00e9 cette politique de confidentialit\u00e9 pour Dafra Pharma International SA, le propri\u00e9taire de\u00a0www.dafrapharma.com PERMISSION [&hellip;]\" \/>\n<meta property=\"og:url\" content=\"https:\/\/www.dafrapharma.com\/fr\/la-declaration-de-confidentialite\/\" \/>\n<meta property=\"og:site_name\" content=\"Dafra Pharma\" \/>\n<meta property=\"article:modified_time\" content=\"2021-08-11T13:39:28+00:00\" \/>\n<meta name=\"twitter:card\" content=\"summary_large_image\" \/>\n<meta name=\"twitter:label1\" content=\"Dur\u00e9e de lecture estim\u00e9e\" \/>\n\t<meta name=\"twitter:data1\" content=\"3 minutes\" \/>\n<script type=\"application\/ld+json\" class=\"yoast-schema-graph\">{\"@context\":\"https:\\\/\\\/schema.org\",\"@graph\":[{\"@type\":\"WebPage\",\"@id\":\"https:\\\/\\\/www.dafrapharma.com\\\/fr\\\/la-declaration-de-confidentialite\\\/\",\"url\":\"https:\\\/\\\/www.dafrapharma.com\\\/fr\\\/la-declaration-de-confidentialite\\\/\",\"name\":\"La d\u00e9claration de confidentialit\u00e9 - Dafra Pharma\",\"isPartOf\":{\"@id\":\"https:\\\/\\\/www.dafrapharma.com\\\/fr\\\/#website\"},\"datePublished\":\"2021-07-14T11:24:34+00:00\",\"dateModified\":\"2021-08-11T13:39:28+00:00\",\"breadcrumb\":{\"@id\":\"https:\\\/\\\/www.dafrapharma.com\\\/fr\\\/la-declaration-de-confidentialite\\\/#breadcrumb\"},\"inLanguage\":\"fr-FR\",\"potentialAction\":[{\"@type\":\"ReadAction\",\"target\":[\"https:\\\/\\\/www.dafrapharma.com\\\/fr\\\/la-declaration-de-confidentialite\\\/\"]}]},{\"@type\":\"BreadcrumbList\",\"@id\":\"https:\\\/\\\/www.dafrapharma.com\\\/fr\\\/la-declaration-de-confidentialite\\\/#breadcrumb\",\"itemListElement\":[{\"@type\":\"ListItem\",\"position\":1,\"name\":\"Home\",\"item\":\"https:\\\/\\\/www.dafrapharma.com\\\/fr\\\/\"},{\"@type\":\"ListItem\",\"position\":2,\"name\":\"La d\u00e9claration de confidentialit\u00e9\"}]},{\"@type\":\"WebSite\",\"@id\":\"https:\\\/\\\/www.dafrapharma.com\\\/fr\\\/#website\",\"url\":\"https:\\\/\\\/www.dafrapharma.com\\\/fr\\\/\",\"name\":\"Dafra Pharma\",\"description\":\"our quality healthcare partner in Sub-Saharan Africa\",\"publisher\":{\"@id\":\"https:\\\/\\\/www.dafrapharma.com\\\/fr\\\/#organization\"},\"potentialAction\":[{\"@type\":\"SearchAction\",\"target\":{\"@type\":\"EntryPoint\",\"urlTemplate\":\"https:\\\/\\\/www.dafrapharma.com\\\/fr\\\/?s={search_term_string}\"},\"query-input\":{\"@type\":\"PropertyValueSpecification\",\"valueRequired\":true,\"valueName\":\"search_term_string\"}}],\"inLanguage\":\"fr-FR\"},{\"@type\":\"Organization\",\"@id\":\"https:\\\/\\\/www.dafrapharma.com\\\/fr\\\/#organization\",\"name\":\"Dafra Pharma\",\"url\":\"https:\\\/\\\/www.dafrapharma.com\\\/fr\\\/\",\"logo\":{\"@type\":\"ImageObject\",\"inLanguage\":\"fr-FR\",\"@id\":\"https:\\\/\\\/www.dafrapharma.com\\\/fr\\\/#\\\/schema\\\/logo\\\/image\\\/\",\"url\":\"https:\\\/\\\/www.dafrapharma.com\\\/wp-content\\\/uploads\\\/2021\\\/04\\\/Dafra-logo-01-1.svg\",\"contentUrl\":\"https:\\\/\\\/www.dafrapharma.com\\\/wp-content\\\/uploads\\\/2021\\\/04\\\/Dafra-logo-01-1.svg\",\"caption\":\"Dafra Pharma\"},\"image\":{\"@id\":\"https:\\\/\\\/www.dafrapharma.com\\\/fr\\\/#\\\/schema\\\/logo\\\/image\\\/\"}}]}<\/script>\n<!-- \/ Yoast SEO plugin. -->","yoast_head_json":{"title":"La d\u00e9claration de confidentialit\u00e9 - Dafra Pharma","robots":{"index":"index","follow":"follow","max-snippet":"max-snippet:-1","max-image-preview":"max-image-preview:large","max-video-preview":"max-video-preview:-1"},"canonical":"https:\/\/www.dafrapharma.com\/fr\/la-declaration-de-confidentialite\/","og_locale":"fr_FR","og_type":"article","og_title":"La d\u00e9claration de confidentialit\u00e9 - Dafra Pharma","og_description":"ASSURER LA CONFIDENTIALIT\u00c9 Chez Dafra Pharma, la confidentialit\u00e9 nous tient \u00e0 coeur et nous tenons \u00e0 vous informer sur la fa\u00e7on dont les informations sont recueillies sur notre site web et comment nous avons l\u2019intention de l\u2019utiliser. Voil\u00e0 pourquoi nous avons cr\u00e9\u00e9 cette politique de confidentialit\u00e9 pour Dafra Pharma International SA, le propri\u00e9taire de\u00a0www.dafrapharma.com PERMISSION [&hellip;]","og_url":"https:\/\/www.dafrapharma.com\/fr\/la-declaration-de-confidentialite\/","og_site_name":"Dafra Pharma","article_modified_time":"2021-08-11T13:39:28+00:00","twitter_card":"summary_large_image","twitter_misc":{"Dur\u00e9e de lecture estim\u00e9e":"3 minutes"},"schema":{"@context":"https:\/\/schema.org","@graph":[{"@type":"WebPage","@id":"https:\/\/www.dafrapharma.com\/fr\/la-declaration-de-confidentialite\/","url":"https:\/\/www.dafrapharma.com\/fr\/la-declaration-de-confidentialite\/","name":"La d\u00e9claration de confidentialit\u00e9 - Dafra Pharma","isPartOf":{"@id":"https:\/\/www.dafrapharma.com\/fr\/#website"},"datePublished":"2021-07-14T11:24:34+00:00","dateModified":"2021-08-11T13:39:28+00:00","breadcrumb":{"@id":"https:\/\/www.dafrapharma.com\/fr\/la-declaration-de-confidentialite\/#breadcrumb"},"inLanguage":"fr-FR","potentialAction":[{"@type":"ReadAction","target":["https:\/\/www.dafrapharma.com\/fr\/la-declaration-de-confidentialite\/"]}]},{"@type":"BreadcrumbList","@id":"https:\/\/www.dafrapharma.com\/fr\/la-declaration-de-confidentialite\/#breadcrumb","itemListElement":[{"@type":"ListItem","position":1,"name":"Home","item":"https:\/\/www.dafrapharma.com\/fr\/"},{"@type":"ListItem","position":2,"name":"La d\u00e9claration de confidentialit\u00e9"}]},{"@type":"WebSite","@id":"https:\/\/www.dafrapharma.com\/fr\/#website","url":"https:\/\/www.dafrapharma.com\/fr\/","name":"Dafra Pharma","description":"our quality healthcare partner in Sub-Saharan Africa","publisher":{"@id":"https:\/\/www.dafrapharma.com\/fr\/#organization"},"potentialAction":[{"@type":"SearchAction","target":{"@type":"EntryPoint","urlTemplate":"https:\/\/www.dafrapharma.com\/fr\/?s={search_term_string}"},"query-input":{"@type":"PropertyValueSpecification","valueRequired":true,"valueName":"search_term_string"}}],"inLanguage":"fr-FR"},{"@type":"Organization","@id":"https:\/\/www.dafrapharma.com\/fr\/#organization","name":"Dafra Pharma","url":"https:\/\/www.dafrapharma.com\/fr\/","logo":{"@type":"ImageObject","inLanguage":"fr-FR","@id":"https:\/\/www.dafrapharma.com\/fr\/#\/schema\/logo\/image\/","url":"https:\/\/www.dafrapharma.com\/wp-content\/uploads\/2021\/04\/Dafra-logo-01-1.svg","contentUrl":"https:\/\/www.dafrapharma.com\/wp-content\/uploads\/2021\/04\/Dafra-logo-01-1.svg","caption":"Dafra Pharma"},"image":{"@id":"https:\/\/www.dafrapharma.com\/fr\/#\/schema\/logo\/image\/"}}]}},"_links":{"self":[{"href":"https:\/\/www.dafrapharma.com\/fr\/wp-json\/wp\/v2\/pages\/976","targetHints":{"allow":["GET"]}}],"collection":[{"href":"https:\/\/www.dafrapharma.com\/fr\/wp-json\/wp\/v2\/pages"}],"about":[{"href":"https:\/\/www.dafrapharma.com\/fr\/wp-json\/wp\/v2\/types\/page"}],"author":[{"embeddable":true,"href":"https:\/\/www.dafrapharma.com\/fr\/wp-json\/wp\/v2\/users\/1"}],"replies":[{"embeddable":true,"href":"https:\/\/www.dafrapharma.com\/fr\/wp-json\/wp\/v2\/comments?post=976"}],"version-history":[{"count":0,"href":"https:\/\/www.dafrapharma.com\/fr\/wp-json\/wp\/v2\/pages\/976\/revisions"}],"wp:attachment":[{"href":"https:\/\/www.dafrapharma.com\/fr\/wp-json\/wp\/v2\/media?parent=976"}],"wp:term":[{"taxonomy":"location","embeddable":true,"href":"https:\/\/www.dafrapharma.com\/fr\/wp-json\/wp\/v2\/location?post=976"}],"curies":[{"name":"wp","href":"https:\/\/api.w.org\/{rel}","templated":true}]}}