{"id":972,"date":"2021-07-14T13:21:26","date_gmt":"2021-07-14T11:21:26","guid":{"rendered":"https:\/\/dafrapharma.designbyfloor-beta.be\/partenariats\/"},"modified":"2021-08-10T11:52:15","modified_gmt":"2021-08-10T09:52:15","slug":"partenariats","status":"publish","type":"page","link":"https:\/\/www.dafrapharma.com\/fr\/partenariats\/","title":{"rendered":"Partenariats"},"content":{"rendered":"\t\t<div data-elementor-type=\"wp-page\" data-elementor-id=\"972\" class=\"elementor elementor-972 elementor-54\" data-elementor-post-type=\"page\">\n\t\t\t\t\t\t<section class=\"elementor-section elementor-top-section elementor-element elementor-element-3e4beae elementor-section-boxed elementor-section-height-default elementor-section-height-default\" data-id=\"3e4beae\" data-element_type=\"section\">\n\t\t\t\t\t\t<div class=\"elementor-container elementor-column-gap-default\">\n\t\t\t\t\t<div class=\"elementor-column elementor-col-100 elementor-top-column elementor-element elementor-element-a94d9ad\" data-id=\"a94d9ad\" data-element_type=\"column\" data-settings=\"{&quot;background_background&quot;:&quot;classic&quot;}\">\n\t\t\t<div class=\"elementor-widget-wrap elementor-element-populated\">\n\t\t\t\t\t\t<section class=\"elementor-section elementor-inner-section elementor-element elementor-element-f17fa0c elementor-section-boxed elementor-section-height-default elementor-section-height-default\" data-id=\"f17fa0c\" data-element_type=\"section\">\n\t\t\t\t\t\t<div class=\"elementor-container elementor-column-gap-default\">\n\t\t\t\t\t<div class=\"elementor-column elementor-col-50 elementor-inner-column elementor-element elementor-element-4667903\" data-id=\"4667903\" data-element_type=\"column\">\n\t\t\t<div class=\"elementor-widget-wrap elementor-element-populated\">\n\t\t\t\t\t\t<div class=\"elementor-element elementor-element-158a1f4 elementor-widget elementor-widget-text-editor\" data-id=\"158a1f4\" data-element_type=\"widget\" data-widget_type=\"text-editor.default\">\n\t\t\t\t<div class=\"elementor-widget-container\">\n\t\t\t\t\t\t\t\t\t<div id=\"partenariats\" class=\"field field-name-field-paragraph-title field-type-text field-label-hidden\">\n<div class=\"field-items\">\n<div class=\"field-item even\">\n<h1>PARTENARIATS<\/h1>\n<\/div>\n<\/div>\n<\/div>\n<div class=\"field field-name-field-paragraph-text field-type-text-long field-label-hidden\">\n<div class=\"field-items\">\n<div class=\"field-item even\">\n<p>Dafra Pharma est constamment \u00e0 la recherche de nouveaux partenariats avec des entreprises de soins de sant\u00e9 innovatrices qui veulent entrer ou d\u00e9velopper leur pr\u00e9sence dans la r\u00e9gion subsaharienne. Pour toute question concernant le d\u00e9veloppement des affaires, la d\u00e9livrance de licences, la distribution et le marketing, veuillez nous contacter \u00e0\u00a0<a href=\"mailto:info@dafrapharma.com\">info@dafrapharma.com<\/a>.<\/p>\n<\/div>\n<\/div>\n<\/div>\n\t\t\t\t\t\t\t\t<\/div>\n\t\t\t\t<\/div>\n\t\t\t\t\t<\/div>\n\t\t<\/div>\n\t\t\t\t<div class=\"elementor-column elementor-col-50 elementor-inner-column elementor-element elementor-element-b347f5c\" data-id=\"b347f5c\" data-element_type=\"column\" data-settings=\"{&quot;background_background&quot;:&quot;classic&quot;}\">\n\t\t\t<div class=\"elementor-widget-wrap elementor-element-populated\">\n\t\t\t\t\t\t<div class=\"elementor-element elementor-element-6391d38 elementor-widget elementor-widget-spacer\" data-id=\"6391d38\" data-element_type=\"widget\" data-widget_type=\"spacer.default\">\n\t\t\t\t<div class=\"elementor-widget-container\">\n\t\t\t\t\t\t\t<div class=\"elementor-spacer\">\n\t\t\t<div class=\"elementor-spacer-inner\"><\/div>\n\t\t<\/div>\n\t\t\t\t\t\t<\/div>\n\t\t\t\t<\/div>\n\t\t\t\t\t<\/div>\n\t\t<\/div>\n\t\t\t\t\t<\/div>\n\t\t<\/section>\n\t\t\t\t\t<\/div>\n\t\t<\/div>\n\t\t\t\t\t<\/div>\n\t\t<\/section>\n\t\t\t\t<\/div>\n\t\t","protected":false},"excerpt":{"rendered":"<p>PARTENARIATS Dafra Pharma est constamment \u00e0 la recherche de nouveaux partenariats avec des entreprises de soins de sant\u00e9 innovatrices qui veulent entrer ou d\u00e9velopper leur pr\u00e9sence dans la r\u00e9gion subsaharienne. Pour toute question concernant le d\u00e9veloppement des affaires, la d\u00e9livrance de licences, la distribution et le marketing, veuillez nous contacter \u00e0\u00a0info@dafrapharma.com.<\/p>\n","protected":false},"author":1,"featured_media":174,"parent":0,"menu_order":60,"comment_status":"closed","ping_status":"closed","template":"elementor_header_footer","meta":{"footnotes":""},"location":[68],"class_list":["post-972","page","type-page","status-publish","has-post-thumbnail","hentry","location-acceuil"],"yoast_head":"<!-- This site is optimized with the Yoast SEO plugin v27.4 - https:\/\/yoast.com\/product\/yoast-seo-wordpress\/ -->\n<title>Partenariats - Dafra Pharma<\/title>\n<meta name=\"robots\" content=\"index, follow, max-snippet:-1, max-image-preview:large, max-video-preview:-1\" \/>\n<link rel=\"canonical\" href=\"https:\/\/www.dafrapharma.com\/fr\/partenariats\/\" \/>\n<meta property=\"og:locale\" content=\"fr_FR\" \/>\n<meta property=\"og:type\" content=\"article\" \/>\n<meta property=\"og:title\" content=\"Partenariats - Dafra Pharma\" \/>\n<meta property=\"og:description\" content=\"PARTENARIATS Dafra Pharma est constamment \u00e0 la recherche de nouveaux partenariats avec des entreprises de soins de sant\u00e9 innovatrices qui veulent entrer ou d\u00e9velopper leur pr\u00e9sence dans la r\u00e9gion subsaharienne. Pour toute question concernant le d\u00e9veloppement des affaires, la d\u00e9livrance de licences, la distribution et le marketing, veuillez nous contacter \u00e0\u00a0info@dafrapharma.com.\" \/>\n<meta property=\"og:url\" content=\"https:\/\/www.dafrapharma.com\/fr\/partenariats\/\" \/>\n<meta property=\"og:site_name\" content=\"Dafra Pharma\" \/>\n<meta property=\"article:modified_time\" content=\"2021-08-10T09:52:15+00:00\" \/>\n<meta property=\"og:image\" content=\"https:\/\/www.dafrapharma.com\/wp-content\/uploads\/2021\/06\/DafraPharma-Your-quality-healthcare-partner-in-Sub-Saharan-Africa-17.jpg\" \/>\n\t<meta property=\"og:image:width\" content=\"2000\" \/>\n\t<meta property=\"og:image:height\" content=\"1332\" \/>\n\t<meta property=\"og:image:type\" content=\"image\/jpeg\" \/>\n<meta name=\"twitter:card\" content=\"summary_large_image\" \/>\n<script type=\"application\/ld+json\" class=\"yoast-schema-graph\">{\"@context\":\"https:\\\/\\\/schema.org\",\"@graph\":[{\"@type\":\"WebPage\",\"@id\":\"https:\\\/\\\/www.dafrapharma.com\\\/fr\\\/partenariats\\\/\",\"url\":\"https:\\\/\\\/www.dafrapharma.com\\\/fr\\\/partenariats\\\/\",\"name\":\"Partenariats - Dafra Pharma\",\"isPartOf\":{\"@id\":\"https:\\\/\\\/www.dafrapharma.com\\\/fr\\\/#website\"},\"primaryImageOfPage\":{\"@id\":\"https:\\\/\\\/www.dafrapharma.com\\\/fr\\\/partenariats\\\/#primaryimage\"},\"image\":{\"@id\":\"https:\\\/\\\/www.dafrapharma.com\\\/fr\\\/partenariats\\\/#primaryimage\"},\"thumbnailUrl\":\"https:\\\/\\\/www.dafrapharma.com\\\/wp-content\\\/uploads\\\/2021\\\/06\\\/DafraPharma-Your-quality-healthcare-partner-in-Sub-Saharan-Africa-17.jpg\",\"datePublished\":\"2021-07-14T11:21:26+00:00\",\"dateModified\":\"2021-08-10T09:52:15+00:00\",\"breadcrumb\":{\"@id\":\"https:\\\/\\\/www.dafrapharma.com\\\/fr\\\/partenariats\\\/#breadcrumb\"},\"inLanguage\":\"fr-FR\",\"potentialAction\":[{\"@type\":\"ReadAction\",\"target\":[\"https:\\\/\\\/www.dafrapharma.com\\\/fr\\\/partenariats\\\/\"]}]},{\"@type\":\"ImageObject\",\"inLanguage\":\"fr-FR\",\"@id\":\"https:\\\/\\\/www.dafrapharma.com\\\/fr\\\/partenariats\\\/#primaryimage\",\"url\":\"https:\\\/\\\/www.dafrapharma.com\\\/wp-content\\\/uploads\\\/2021\\\/06\\\/DafraPharma-Your-quality-healthcare-partner-in-Sub-Saharan-Africa-17.jpg\",\"contentUrl\":\"https:\\\/\\\/www.dafrapharma.com\\\/wp-content\\\/uploads\\\/2021\\\/06\\\/DafraPharma-Your-quality-healthcare-partner-in-Sub-Saharan-Africa-17.jpg\",\"width\":2000,\"height\":1332},{\"@type\":\"BreadcrumbList\",\"@id\":\"https:\\\/\\\/www.dafrapharma.com\\\/fr\\\/partenariats\\\/#breadcrumb\",\"itemListElement\":[{\"@type\":\"ListItem\",\"position\":1,\"name\":\"Home\",\"item\":\"https:\\\/\\\/www.dafrapharma.com\\\/fr\\\/\"},{\"@type\":\"ListItem\",\"position\":2,\"name\":\"Partenariats\"}]},{\"@type\":\"WebSite\",\"@id\":\"https:\\\/\\\/www.dafrapharma.com\\\/fr\\\/#website\",\"url\":\"https:\\\/\\\/www.dafrapharma.com\\\/fr\\\/\",\"name\":\"Dafra Pharma\",\"description\":\"our quality healthcare partner in Sub-Saharan Africa\",\"publisher\":{\"@id\":\"https:\\\/\\\/www.dafrapharma.com\\\/fr\\\/#organization\"},\"potentialAction\":[{\"@type\":\"SearchAction\",\"target\":{\"@type\":\"EntryPoint\",\"urlTemplate\":\"https:\\\/\\\/www.dafrapharma.com\\\/fr\\\/?s={search_term_string}\"},\"query-input\":{\"@type\":\"PropertyValueSpecification\",\"valueRequired\":true,\"valueName\":\"search_term_string\"}}],\"inLanguage\":\"fr-FR\"},{\"@type\":\"Organization\",\"@id\":\"https:\\\/\\\/www.dafrapharma.com\\\/fr\\\/#organization\",\"name\":\"Dafra Pharma\",\"url\":\"https:\\\/\\\/www.dafrapharma.com\\\/fr\\\/\",\"logo\":{\"@type\":\"ImageObject\",\"inLanguage\":\"fr-FR\",\"@id\":\"https:\\\/\\\/www.dafrapharma.com\\\/fr\\\/#\\\/schema\\\/logo\\\/image\\\/\",\"url\":\"https:\\\/\\\/www.dafrapharma.com\\\/wp-content\\\/uploads\\\/2021\\\/04\\\/Dafra-logo-01-1.svg\",\"contentUrl\":\"https:\\\/\\\/www.dafrapharma.com\\\/wp-content\\\/uploads\\\/2021\\\/04\\\/Dafra-logo-01-1.svg\",\"caption\":\"Dafra Pharma\"},\"image\":{\"@id\":\"https:\\\/\\\/www.dafrapharma.com\\\/fr\\\/#\\\/schema\\\/logo\\\/image\\\/\"}}]}<\/script>\n<!-- \/ Yoast SEO plugin. -->","yoast_head_json":{"title":"Partenariats - Dafra Pharma","robots":{"index":"index","follow":"follow","max-snippet":"max-snippet:-1","max-image-preview":"max-image-preview:large","max-video-preview":"max-video-preview:-1"},"canonical":"https:\/\/www.dafrapharma.com\/fr\/partenariats\/","og_locale":"fr_FR","og_type":"article","og_title":"Partenariats - Dafra Pharma","og_description":"PARTENARIATS Dafra Pharma est constamment \u00e0 la recherche de nouveaux partenariats avec des entreprises de soins de sant\u00e9 innovatrices qui veulent entrer ou d\u00e9velopper leur pr\u00e9sence dans la r\u00e9gion subsaharienne. Pour toute question concernant le d\u00e9veloppement des affaires, la d\u00e9livrance de licences, la distribution et le marketing, veuillez nous contacter \u00e0\u00a0info@dafrapharma.com.","og_url":"https:\/\/www.dafrapharma.com\/fr\/partenariats\/","og_site_name":"Dafra Pharma","article_modified_time":"2021-08-10T09:52:15+00:00","og_image":[{"width":2000,"height":1332,"url":"https:\/\/www.dafrapharma.com\/wp-content\/uploads\/2021\/06\/DafraPharma-Your-quality-healthcare-partner-in-Sub-Saharan-Africa-17.jpg","type":"image\/jpeg"}],"twitter_card":"summary_large_image","schema":{"@context":"https:\/\/schema.org","@graph":[{"@type":"WebPage","@id":"https:\/\/www.dafrapharma.com\/fr\/partenariats\/","url":"https:\/\/www.dafrapharma.com\/fr\/partenariats\/","name":"Partenariats - Dafra Pharma","isPartOf":{"@id":"https:\/\/www.dafrapharma.com\/fr\/#website"},"primaryImageOfPage":{"@id":"https:\/\/www.dafrapharma.com\/fr\/partenariats\/#primaryimage"},"image":{"@id":"https:\/\/www.dafrapharma.com\/fr\/partenariats\/#primaryimage"},"thumbnailUrl":"https:\/\/www.dafrapharma.com\/wp-content\/uploads\/2021\/06\/DafraPharma-Your-quality-healthcare-partner-in-Sub-Saharan-Africa-17.jpg","datePublished":"2021-07-14T11:21:26+00:00","dateModified":"2021-08-10T09:52:15+00:00","breadcrumb":{"@id":"https:\/\/www.dafrapharma.com\/fr\/partenariats\/#breadcrumb"},"inLanguage":"fr-FR","potentialAction":[{"@type":"ReadAction","target":["https:\/\/www.dafrapharma.com\/fr\/partenariats\/"]}]},{"@type":"ImageObject","inLanguage":"fr-FR","@id":"https:\/\/www.dafrapharma.com\/fr\/partenariats\/#primaryimage","url":"https:\/\/www.dafrapharma.com\/wp-content\/uploads\/2021\/06\/DafraPharma-Your-quality-healthcare-partner-in-Sub-Saharan-Africa-17.jpg","contentUrl":"https:\/\/www.dafrapharma.com\/wp-content\/uploads\/2021\/06\/DafraPharma-Your-quality-healthcare-partner-in-Sub-Saharan-Africa-17.jpg","width":2000,"height":1332},{"@type":"BreadcrumbList","@id":"https:\/\/www.dafrapharma.com\/fr\/partenariats\/#breadcrumb","itemListElement":[{"@type":"ListItem","position":1,"name":"Home","item":"https:\/\/www.dafrapharma.com\/fr\/"},{"@type":"ListItem","position":2,"name":"Partenariats"}]},{"@type":"WebSite","@id":"https:\/\/www.dafrapharma.com\/fr\/#website","url":"https:\/\/www.dafrapharma.com\/fr\/","name":"Dafra Pharma","description":"our quality healthcare partner in Sub-Saharan Africa","publisher":{"@id":"https:\/\/www.dafrapharma.com\/fr\/#organization"},"potentialAction":[{"@type":"SearchAction","target":{"@type":"EntryPoint","urlTemplate":"https:\/\/www.dafrapharma.com\/fr\/?s={search_term_string}"},"query-input":{"@type":"PropertyValueSpecification","valueRequired":true,"valueName":"search_term_string"}}],"inLanguage":"fr-FR"},{"@type":"Organization","@id":"https:\/\/www.dafrapharma.com\/fr\/#organization","name":"Dafra Pharma","url":"https:\/\/www.dafrapharma.com\/fr\/","logo":{"@type":"ImageObject","inLanguage":"fr-FR","@id":"https:\/\/www.dafrapharma.com\/fr\/#\/schema\/logo\/image\/","url":"https:\/\/www.dafrapharma.com\/wp-content\/uploads\/2021\/04\/Dafra-logo-01-1.svg","contentUrl":"https:\/\/www.dafrapharma.com\/wp-content\/uploads\/2021\/04\/Dafra-logo-01-1.svg","caption":"Dafra Pharma"},"image":{"@id":"https:\/\/www.dafrapharma.com\/fr\/#\/schema\/logo\/image\/"}}]}},"_links":{"self":[{"href":"https:\/\/www.dafrapharma.com\/fr\/wp-json\/wp\/v2\/pages\/972","targetHints":{"allow":["GET"]}}],"collection":[{"href":"https:\/\/www.dafrapharma.com\/fr\/wp-json\/wp\/v2\/pages"}],"about":[{"href":"https:\/\/www.dafrapharma.com\/fr\/wp-json\/wp\/v2\/types\/page"}],"author":[{"embeddable":true,"href":"https:\/\/www.dafrapharma.com\/fr\/wp-json\/wp\/v2\/users\/1"}],"replies":[{"embeddable":true,"href":"https:\/\/www.dafrapharma.com\/fr\/wp-json\/wp\/v2\/comments?post=972"}],"version-history":[{"count":0,"href":"https:\/\/www.dafrapharma.com\/fr\/wp-json\/wp\/v2\/pages\/972\/revisions"}],"wp:featuredmedia":[{"embeddable":true,"href":"https:\/\/www.dafrapharma.com\/fr\/wp-json\/wp\/v2\/media\/174"}],"wp:attachment":[{"href":"https:\/\/www.dafrapharma.com\/fr\/wp-json\/wp\/v2\/media?parent=972"}],"wp:term":[{"taxonomy":"location","embeddable":true,"href":"https:\/\/www.dafrapharma.com\/fr\/wp-json\/wp\/v2\/location?post=972"}],"curies":[{"name":"wp","href":"https:\/\/api.w.org\/{rel}","templated":true}]}}