{"id":944,"date":"2021-07-14T12:33:58","date_gmt":"2021-07-14T10:33:58","guid":{"rendered":"https:\/\/dafrapharma.designbyfloor-beta.be\/reseau-local\/"},"modified":"2024-04-10T15:55:45","modified_gmt":"2024-04-10T13:55:45","slug":"reseau-local","status":"publish","type":"page","link":"https:\/\/www.dafrapharma.com\/fr\/reseau-local\/","title":{"rendered":"R\u00e9seau local"},"content":{"rendered":"\t\t<div data-elementor-type=\"wp-page\" data-elementor-id=\"944\" class=\"elementor elementor-944 elementor-271\" data-elementor-post-type=\"page\">\n\t\t\t\t\t\t<section class=\"elementor-section elementor-top-section elementor-element elementor-element-1564540 elementor-section-boxed elementor-section-height-default elementor-section-height-default\" data-id=\"1564540\" data-element_type=\"section\">\n\t\t\t\t\t\t<div class=\"elementor-container elementor-column-gap-default\">\n\t\t\t\t\t<div class=\"elementor-column elementor-col-100 elementor-top-column elementor-element elementor-element-457a9cd\" data-id=\"457a9cd\" data-element_type=\"column\" data-settings=\"{&quot;background_background&quot;:&quot;classic&quot;}\">\n\t\t\t<div class=\"elementor-widget-wrap elementor-element-populated\">\n\t\t\t\t\t\t<section class=\"elementor-section elementor-inner-section elementor-element elementor-element-6969127 elementor-section-boxed elementor-section-height-default elementor-section-height-default\" data-id=\"6969127\" data-element_type=\"section\">\n\t\t\t\t\t\t<div class=\"elementor-container elementor-column-gap-default\">\n\t\t\t\t\t<div class=\"elementor-column elementor-col-100 elementor-inner-column elementor-element elementor-element-2caf9e0\" data-id=\"2caf9e0\" data-element_type=\"column\">\n\t\t\t<div class=\"elementor-widget-wrap elementor-element-populated\">\n\t\t\t\t\t\t<div class=\"elementor-element elementor-element-91f80fa elementor-widget elementor-widget-heading\" data-id=\"91f80fa\" data-element_type=\"widget\" data-widget_type=\"heading.default\">\n\t\t\t\t<div class=\"elementor-widget-container\">\n\t\t\t\t\t<h1 class=\"elementor-heading-title elementor-size-default\">R\u00e9seau local - Dafra Pharma est toujours pr\u00e8s de chez vous<\/h1>\t\t\t\t<\/div>\n\t\t\t\t<\/div>\n\t\t\t\t<div class=\"elementor-element elementor-element-c1dba0f elementor-widget elementor-widget-text-editor\" data-id=\"c1dba0f\" data-element_type=\"widget\" data-widget_type=\"text-editor.default\">\n\t\t\t\t<div class=\"elementor-widget-container\">\n\t\t\t\t\t\t\t\t\t<p>Dafra Pharma jette un pont entre l\u2019Europe et l\u2019Afrique. Avec son bureau central\u00a0<span style=\"background-color: var( --e-global-color-955ac56 ); color: var( --e-global-color-text );\">et son centre de distribution en Belgique<\/span><span style=\"background-color: var( --e-global-color-955ac56 ); color: var( --e-global-color-text );\">, Dafra Pharma met en disposition des m\u00e9dicaments fiables et de haute qualit\u00e9 dans plus de 30 pays sub-sahariens.<\/span><\/p><p>Dafra Pharma s&rsquo;engage \u00e0 donner \u00e0 ses partenaires de distribution les taux de disponibilit\u00e9 les plus \u00e9lev\u00e9s. Nous garantissons ceci en \u00e9tant pr\u00e8s de notre march\u00e9. Notre pr\u00e9sence locale dans plus de 30 pays sub-sahariens assure que toutes les personnes sont aid\u00e9es de la meilleure mani\u00e8re possible.<\/p><p>Code couleur de notre pr\u00e9sence locale sur la carte:<\/p><ul><li>Vert: bureau Dafra Pharma + force de vente Dafra<\/li><li>Jaune: agent de repr\u00e9sentation avec propre force de vente qui repr\u00e9sente la gamme de produits Dafra<\/li><\/ul>\t\t\t\t\t\t\t\t<\/div>\n\t\t\t\t<\/div>\n\t\t\t\t\t<\/div>\n\t\t<\/div>\n\t\t\t\t\t<\/div>\n\t\t<\/section>\n\t\t\t\t<section class=\"elementor-section elementor-inner-section elementor-element elementor-element-8bcae1b elementor-section-boxed elementor-section-height-default elementor-section-height-default\" data-id=\"8bcae1b\" data-element_type=\"section\">\n\t\t\t\t\t\t<div class=\"elementor-container elementor-column-gap-default\">\n\t\t\t\t\t<div class=\"elementor-column elementor-col-100 elementor-inner-column elementor-element elementor-element-7e39286\" data-id=\"7e39286\" data-element_type=\"column\">\n\t\t\t<div class=\"elementor-widget-wrap elementor-element-populated\">\n\t\t\t\t\t\t<div class=\"elementor-element elementor-element-2076696 elementor-widget elementor-widget-image\" data-id=\"2076696\" data-element_type=\"widget\" data-widget_type=\"image.default\">\n\t\t\t\t<div class=\"elementor-widget-container\">\n\t\t\t\t\t\t\t\t\t\t\t\t\t\t\t<img fetchpriority=\"high\" decoding=\"async\" width=\"2042\" height=\"2446\" src=\"https:\/\/www.dafrapharma.com\/wp-content\/uploads\/2024\/04\/Afrika-kaart-FR-2024-1.png\" class=\"attachment-full size-full wp-image-9167\" alt=\"\" srcset=\"https:\/\/www.dafrapharma.com\/wp-content\/uploads\/2024\/04\/Afrika-kaart-FR-2024-1.png 2042w, https:\/\/www.dafrapharma.com\/wp-content\/uploads\/2024\/04\/Afrika-kaart-FR-2024-1-250x300.png 250w, https:\/\/www.dafrapharma.com\/wp-content\/uploads\/2024\/04\/Afrika-kaart-FR-2024-1-855x1024.png 855w, https:\/\/www.dafrapharma.com\/wp-content\/uploads\/2024\/04\/Afrika-kaart-FR-2024-1-768x920.png 768w, https:\/\/www.dafrapharma.com\/wp-content\/uploads\/2024\/04\/Afrika-kaart-FR-2024-1-1282x1536.png 1282w, https:\/\/www.dafrapharma.com\/wp-content\/uploads\/2024\/04\/Afrika-kaart-FR-2024-1-1710x2048.png 1710w\" sizes=\"(max-width: 2042px) 100vw, 2042px\" \/>\t\t\t\t\t\t\t\t\t\t\t\t\t\t\t<\/div>\n\t\t\t\t<\/div>\n\t\t\t\t\t<\/div>\n\t\t<\/div>\n\t\t\t\t\t<\/div>\n\t\t<\/section>\n\t\t\t\t\t<\/div>\n\t\t<\/div>\n\t\t\t\t\t<\/div>\n\t\t<\/section>\n\t\t\t\t<\/div>\n\t\t","protected":false},"excerpt":{"rendered":"<p>R\u00e9seau local &#8211; Dafra Pharma est toujours pr\u00e8s de chez vous Dafra Pharma jette un pont entre l\u2019Europe et l\u2019Afrique. Avec son bureau central\u00a0et son centre de distribution en Belgique, Dafra Pharma met en disposition des m\u00e9dicaments fiables et de haute qualit\u00e9 dans plus de 30 pays sub-sahariens. Dafra Pharma s&rsquo;engage \u00e0 donner \u00e0 ses [&hellip;]<\/p>\n","protected":false},"author":1,"featured_media":148,"parent":0,"menu_order":0,"comment_status":"closed","ping_status":"closed","template":"elementor_header_footer","meta":{"footnotes":""},"location":[67],"class_list":["post-944","page","type-page","status-publish","has-post-thumbnail","hentry","location-notre-societe"],"yoast_head":"<!-- This site is optimized with the Yoast SEO plugin v27.5 - https:\/\/yoast.com\/product\/yoast-seo-wordpress\/ -->\n<title>R\u00e9seau local - Dafra Pharma<\/title>\n<meta name=\"robots\" content=\"index, follow, max-snippet:-1, max-image-preview:large, max-video-preview:-1\" \/>\n<link rel=\"canonical\" href=\"https:\/\/www.dafrapharma.com\/fr\/reseau-local\/\" \/>\n<meta property=\"og:locale\" content=\"fr_FR\" \/>\n<meta property=\"og:type\" content=\"article\" \/>\n<meta property=\"og:title\" content=\"R\u00e9seau local - Dafra Pharma\" \/>\n<meta property=\"og:description\" content=\"R\u00e9seau local &#8211; Dafra Pharma est toujours pr\u00e8s de chez vous Dafra Pharma jette un pont entre l\u2019Europe et l\u2019Afrique. Avec son bureau central\u00a0et son centre de distribution en Belgique, Dafra Pharma met en disposition des m\u00e9dicaments fiables et de haute qualit\u00e9 dans plus de 30 pays sub-sahariens. Dafra Pharma s&rsquo;engage \u00e0 donner \u00e0 ses [&hellip;]\" \/>\n<meta property=\"og:url\" content=\"https:\/\/www.dafrapharma.com\/fr\/reseau-local\/\" \/>\n<meta property=\"og:site_name\" content=\"Dafra Pharma\" \/>\n<meta property=\"article:modified_time\" content=\"2024-04-10T13:55:45+00:00\" \/>\n<meta property=\"og:image\" content=\"http:\/\/www.dafrapharma.com\/wp-content\/uploads\/2021\/06\/DafraPharma-Your-quality-healthcare-partner-in-Sub-Saharan-Africa-1.jpg\" \/>\n\t<meta property=\"og:image:width\" content=\"2000\" \/>\n\t<meta property=\"og:image:height\" content=\"1325\" \/>\n\t<meta property=\"og:image:type\" content=\"image\/jpeg\" \/>\n<meta name=\"twitter:card\" content=\"summary_large_image\" \/>\n<meta name=\"twitter:label1\" content=\"Dur\u00e9e de lecture estim\u00e9e\" \/>\n\t<meta name=\"twitter:data1\" content=\"1 minute\" \/>\n<script type=\"application\/ld+json\" class=\"yoast-schema-graph\">{\"@context\":\"https:\\\/\\\/schema.org\",\"@graph\":[{\"@type\":\"WebPage\",\"@id\":\"https:\\\/\\\/www.dafrapharma.com\\\/fr\\\/reseau-local\\\/\",\"url\":\"https:\\\/\\\/www.dafrapharma.com\\\/fr\\\/reseau-local\\\/\",\"name\":\"R\u00e9seau local - Dafra Pharma\",\"isPartOf\":{\"@id\":\"https:\\\/\\\/www.dafrapharma.com\\\/fr\\\/#website\"},\"primaryImageOfPage\":{\"@id\":\"https:\\\/\\\/www.dafrapharma.com\\\/fr\\\/reseau-local\\\/#primaryimage\"},\"image\":{\"@id\":\"https:\\\/\\\/www.dafrapharma.com\\\/fr\\\/reseau-local\\\/#primaryimage\"},\"thumbnailUrl\":\"https:\\\/\\\/www.dafrapharma.com\\\/wp-content\\\/uploads\\\/2021\\\/06\\\/DafraPharma-Your-quality-healthcare-partner-in-Sub-Saharan-Africa-1.jpg\",\"datePublished\":\"2021-07-14T10:33:58+00:00\",\"dateModified\":\"2024-04-10T13:55:45+00:00\",\"breadcrumb\":{\"@id\":\"https:\\\/\\\/www.dafrapharma.com\\\/fr\\\/reseau-local\\\/#breadcrumb\"},\"inLanguage\":\"fr-FR\",\"potentialAction\":[{\"@type\":\"ReadAction\",\"target\":[\"https:\\\/\\\/www.dafrapharma.com\\\/fr\\\/reseau-local\\\/\"]}]},{\"@type\":\"ImageObject\",\"inLanguage\":\"fr-FR\",\"@id\":\"https:\\\/\\\/www.dafrapharma.com\\\/fr\\\/reseau-local\\\/#primaryimage\",\"url\":\"https:\\\/\\\/www.dafrapharma.com\\\/wp-content\\\/uploads\\\/2021\\\/06\\\/DafraPharma-Your-quality-healthcare-partner-in-Sub-Saharan-Africa-1.jpg\",\"contentUrl\":\"https:\\\/\\\/www.dafrapharma.com\\\/wp-content\\\/uploads\\\/2021\\\/06\\\/DafraPharma-Your-quality-healthcare-partner-in-Sub-Saharan-Africa-1.jpg\",\"width\":2000,\"height\":1325},{\"@type\":\"BreadcrumbList\",\"@id\":\"https:\\\/\\\/www.dafrapharma.com\\\/fr\\\/reseau-local\\\/#breadcrumb\",\"itemListElement\":[{\"@type\":\"ListItem\",\"position\":1,\"name\":\"Home\",\"item\":\"https:\\\/\\\/www.dafrapharma.com\\\/fr\\\/\"},{\"@type\":\"ListItem\",\"position\":2,\"name\":\"R\u00e9seau local\"}]},{\"@type\":\"WebSite\",\"@id\":\"https:\\\/\\\/www.dafrapharma.com\\\/fr\\\/#website\",\"url\":\"https:\\\/\\\/www.dafrapharma.com\\\/fr\\\/\",\"name\":\"Dafra Pharma\",\"description\":\"our quality healthcare partner in Sub-Saharan Africa\",\"publisher\":{\"@id\":\"https:\\\/\\\/www.dafrapharma.com\\\/fr\\\/#organization\"},\"potentialAction\":[{\"@type\":\"SearchAction\",\"target\":{\"@type\":\"EntryPoint\",\"urlTemplate\":\"https:\\\/\\\/www.dafrapharma.com\\\/fr\\\/?s={search_term_string}\"},\"query-input\":{\"@type\":\"PropertyValueSpecification\",\"valueRequired\":true,\"valueName\":\"search_term_string\"}}],\"inLanguage\":\"fr-FR\"},{\"@type\":\"Organization\",\"@id\":\"https:\\\/\\\/www.dafrapharma.com\\\/fr\\\/#organization\",\"name\":\"Dafra Pharma\",\"url\":\"https:\\\/\\\/www.dafrapharma.com\\\/fr\\\/\",\"logo\":{\"@type\":\"ImageObject\",\"inLanguage\":\"fr-FR\",\"@id\":\"https:\\\/\\\/www.dafrapharma.com\\\/fr\\\/#\\\/schema\\\/logo\\\/image\\\/\",\"url\":\"https:\\\/\\\/www.dafrapharma.com\\\/wp-content\\\/uploads\\\/2021\\\/04\\\/Dafra-logo-01-1.svg\",\"contentUrl\":\"https:\\\/\\\/www.dafrapharma.com\\\/wp-content\\\/uploads\\\/2021\\\/04\\\/Dafra-logo-01-1.svg\",\"caption\":\"Dafra Pharma\"},\"image\":{\"@id\":\"https:\\\/\\\/www.dafrapharma.com\\\/fr\\\/#\\\/schema\\\/logo\\\/image\\\/\"}}]}<\/script>\n<!-- \/ Yoast SEO plugin. -->","yoast_head_json":{"title":"R\u00e9seau local - Dafra Pharma","robots":{"index":"index","follow":"follow","max-snippet":"max-snippet:-1","max-image-preview":"max-image-preview:large","max-video-preview":"max-video-preview:-1"},"canonical":"https:\/\/www.dafrapharma.com\/fr\/reseau-local\/","og_locale":"fr_FR","og_type":"article","og_title":"R\u00e9seau local - Dafra Pharma","og_description":"R\u00e9seau local &#8211; Dafra Pharma est toujours pr\u00e8s de chez vous Dafra Pharma jette un pont entre l\u2019Europe et l\u2019Afrique. Avec son bureau central\u00a0et son centre de distribution en Belgique, Dafra Pharma met en disposition des m\u00e9dicaments fiables et de haute qualit\u00e9 dans plus de 30 pays sub-sahariens. Dafra Pharma s&rsquo;engage \u00e0 donner \u00e0 ses [&hellip;]","og_url":"https:\/\/www.dafrapharma.com\/fr\/reseau-local\/","og_site_name":"Dafra Pharma","article_modified_time":"2024-04-10T13:55:45+00:00","og_image":[{"width":2000,"height":1325,"url":"http:\/\/www.dafrapharma.com\/wp-content\/uploads\/2021\/06\/DafraPharma-Your-quality-healthcare-partner-in-Sub-Saharan-Africa-1.jpg","type":"image\/jpeg"}],"twitter_card":"summary_large_image","twitter_misc":{"Dur\u00e9e de lecture estim\u00e9e":"1 minute"},"schema":{"@context":"https:\/\/schema.org","@graph":[{"@type":"WebPage","@id":"https:\/\/www.dafrapharma.com\/fr\/reseau-local\/","url":"https:\/\/www.dafrapharma.com\/fr\/reseau-local\/","name":"R\u00e9seau local - Dafra Pharma","isPartOf":{"@id":"https:\/\/www.dafrapharma.com\/fr\/#website"},"primaryImageOfPage":{"@id":"https:\/\/www.dafrapharma.com\/fr\/reseau-local\/#primaryimage"},"image":{"@id":"https:\/\/www.dafrapharma.com\/fr\/reseau-local\/#primaryimage"},"thumbnailUrl":"https:\/\/www.dafrapharma.com\/wp-content\/uploads\/2021\/06\/DafraPharma-Your-quality-healthcare-partner-in-Sub-Saharan-Africa-1.jpg","datePublished":"2021-07-14T10:33:58+00:00","dateModified":"2024-04-10T13:55:45+00:00","breadcrumb":{"@id":"https:\/\/www.dafrapharma.com\/fr\/reseau-local\/#breadcrumb"},"inLanguage":"fr-FR","potentialAction":[{"@type":"ReadAction","target":["https:\/\/www.dafrapharma.com\/fr\/reseau-local\/"]}]},{"@type":"ImageObject","inLanguage":"fr-FR","@id":"https:\/\/www.dafrapharma.com\/fr\/reseau-local\/#primaryimage","url":"https:\/\/www.dafrapharma.com\/wp-content\/uploads\/2021\/06\/DafraPharma-Your-quality-healthcare-partner-in-Sub-Saharan-Africa-1.jpg","contentUrl":"https:\/\/www.dafrapharma.com\/wp-content\/uploads\/2021\/06\/DafraPharma-Your-quality-healthcare-partner-in-Sub-Saharan-Africa-1.jpg","width":2000,"height":1325},{"@type":"BreadcrumbList","@id":"https:\/\/www.dafrapharma.com\/fr\/reseau-local\/#breadcrumb","itemListElement":[{"@type":"ListItem","position":1,"name":"Home","item":"https:\/\/www.dafrapharma.com\/fr\/"},{"@type":"ListItem","position":2,"name":"R\u00e9seau local"}]},{"@type":"WebSite","@id":"https:\/\/www.dafrapharma.com\/fr\/#website","url":"https:\/\/www.dafrapharma.com\/fr\/","name":"Dafra Pharma","description":"our quality healthcare partner in Sub-Saharan Africa","publisher":{"@id":"https:\/\/www.dafrapharma.com\/fr\/#organization"},"potentialAction":[{"@type":"SearchAction","target":{"@type":"EntryPoint","urlTemplate":"https:\/\/www.dafrapharma.com\/fr\/?s={search_term_string}"},"query-input":{"@type":"PropertyValueSpecification","valueRequired":true,"valueName":"search_term_string"}}],"inLanguage":"fr-FR"},{"@type":"Organization","@id":"https:\/\/www.dafrapharma.com\/fr\/#organization","name":"Dafra Pharma","url":"https:\/\/www.dafrapharma.com\/fr\/","logo":{"@type":"ImageObject","inLanguage":"fr-FR","@id":"https:\/\/www.dafrapharma.com\/fr\/#\/schema\/logo\/image\/","url":"https:\/\/www.dafrapharma.com\/wp-content\/uploads\/2021\/04\/Dafra-logo-01-1.svg","contentUrl":"https:\/\/www.dafrapharma.com\/wp-content\/uploads\/2021\/04\/Dafra-logo-01-1.svg","caption":"Dafra Pharma"},"image":{"@id":"https:\/\/www.dafrapharma.com\/fr\/#\/schema\/logo\/image\/"}}]}},"_links":{"self":[{"href":"https:\/\/www.dafrapharma.com\/fr\/wp-json\/wp\/v2\/pages\/944","targetHints":{"allow":["GET"]}}],"collection":[{"href":"https:\/\/www.dafrapharma.com\/fr\/wp-json\/wp\/v2\/pages"}],"about":[{"href":"https:\/\/www.dafrapharma.com\/fr\/wp-json\/wp\/v2\/types\/page"}],"author":[{"embeddable":true,"href":"https:\/\/www.dafrapharma.com\/fr\/wp-json\/wp\/v2\/users\/1"}],"replies":[{"embeddable":true,"href":"https:\/\/www.dafrapharma.com\/fr\/wp-json\/wp\/v2\/comments?post=944"}],"version-history":[{"count":15,"href":"https:\/\/www.dafrapharma.com\/fr\/wp-json\/wp\/v2\/pages\/944\/revisions"}],"predecessor-version":[{"id":9172,"href":"https:\/\/www.dafrapharma.com\/fr\/wp-json\/wp\/v2\/pages\/944\/revisions\/9172"}],"wp:featuredmedia":[{"embeddable":true,"href":"https:\/\/www.dafrapharma.com\/fr\/wp-json\/wp\/v2\/media\/148"}],"wp:attachment":[{"href":"https:\/\/www.dafrapharma.com\/fr\/wp-json\/wp\/v2\/media?parent=944"}],"wp:term":[{"taxonomy":"location","embeddable":true,"href":"https:\/\/www.dafrapharma.com\/fr\/wp-json\/wp\/v2\/location?post=944"}],"curies":[{"name":"wp","href":"https:\/\/api.w.org\/{rel}","templated":true}]}}