{"id":922,"date":"2021-07-14T12:24:46","date_gmt":"2021-07-14T10:24:46","guid":{"rendered":"https:\/\/dafrapharma.designbyfloor-beta.be\/lequipe-dafra-pharma\/"},"modified":"2021-10-01T12:14:18","modified_gmt":"2021-10-01T10:14:18","slug":"lequipe-dafra-pharma","status":"publish","type":"page","link":"https:\/\/www.dafrapharma.com\/fr\/lequipe-dafra-pharma\/","title":{"rendered":"L&rsquo;\u00e9quipe Dafra Pharma"},"content":{"rendered":"\t\t<div data-elementor-type=\"wp-page\" data-elementor-id=\"922\" class=\"elementor elementor-922 elementor-306\" data-elementor-post-type=\"page\">\n\t\t\t\t\t\t<section class=\"elementor-section elementor-top-section elementor-element elementor-element-6b233ea elementor-section-boxed elementor-section-height-default elementor-section-height-default\" data-id=\"6b233ea\" data-element_type=\"section\">\n\t\t\t\t\t\t<div class=\"elementor-container elementor-column-gap-default\">\n\t\t\t\t\t<div class=\"elementor-column elementor-col-100 elementor-top-column elementor-element elementor-element-5446682\" data-id=\"5446682\" data-element_type=\"column\" data-settings=\"{&quot;background_background&quot;:&quot;classic&quot;}\">\n\t\t\t<div class=\"elementor-widget-wrap elementor-element-populated\">\n\t\t\t\t\t\t<section class=\"elementor-section elementor-inner-section elementor-element elementor-element-33b48e1 elementor-section-boxed elementor-section-height-default elementor-section-height-default\" data-id=\"33b48e1\" data-element_type=\"section\">\n\t\t\t\t\t\t<div class=\"elementor-container elementor-column-gap-default\">\n\t\t\t\t\t<div class=\"elementor-column elementor-col-50 elementor-inner-column elementor-element elementor-element-9fcb73f\" data-id=\"9fcb73f\" data-element_type=\"column\">\n\t\t\t<div class=\"elementor-widget-wrap elementor-element-populated\">\n\t\t\t\t\t\t<div class=\"elementor-element elementor-element-d15158f elementor-widget elementor-widget-heading\" data-id=\"d15158f\" data-element_type=\"widget\" data-widget_type=\"heading.default\">\n\t\t\t\t<div class=\"elementor-widget-container\">\n\t\t\t\t\t<h1 class=\"elementor-heading-title elementor-size-default\">L'\u00e9quipe Dafra Pharma<\/h1>\t\t\t\t<\/div>\n\t\t\t\t<\/div>\n\t\t\t\t<div class=\"elementor-element elementor-element-08666e8 elementor-widget elementor-widget-text-editor\" data-id=\"08666e8\" data-element_type=\"widget\" data-widget_type=\"text-editor.default\">\n\t\t\t\t<div class=\"elementor-widget-container\">\n\t\t\t\t\t\t\t\t\t<p>L&rsquo;\u00e9quipe Dafra partage la m\u00eame mission et vision et travaille ensemble pour atteindre le m\u00eame but.<\/p>\n<p>Tout l&rsquo;\u00e9quipe de Dafra Pharma collabore intens\u00e9ment pour atteindre les objectifs communs. Nous appr\u00e9cions largement l&rsquo;effort que notre \u00e9quipe de plus que 200 employ\u00e9s enthousiastes fait dans 30 pays africains, parce qu&rsquo;ils sont les facilitateurs du succ\u00e8s et de la croissance de Dafra Pharma.<\/p>\n<p>Chez\u00a0Dafra Pharma, nous encourageons et appr\u00e9cions l&rsquo;esprit de l&rsquo;initiative,\u00a0le dynamisme, l&rsquo;entrepreneuriat et l&rsquo;expertise.\u00a0 Nous envisageons de cr\u00e9er une espace de travail qui stimule tous les employ\u00e9s \u00e0 atteindre tout leur potentiel.<\/p>\n<p>Si vous \u00eates int\u00e9ress\u00e9 \u00e0 rejoindre notre \u00e9quipe professionnelle? Regardez nos offres d&#8217;emploi\u00a0<a href=\"https:\/\/www.dafrapharma.com\/fr\/carri%C3%A8res\">ici<\/a>.<\/p>\n\t\t\t\t\t\t\t\t<\/div>\n\t\t\t\t<\/div>\n\t\t\t\t\t<\/div>\n\t\t<\/div>\n\t\t\t\t<div class=\"elementor-column elementor-col-50 elementor-inner-column elementor-element elementor-element-7e4efd4\" data-id=\"7e4efd4\" data-element_type=\"column\" data-settings=\"{&quot;background_background&quot;:&quot;classic&quot;}\">\n\t\t\t<div class=\"elementor-widget-wrap elementor-element-populated\">\n\t\t\t\t\t\t<div class=\"elementor-element elementor-element-7018c00 elementor-widget elementor-widget-spacer\" data-id=\"7018c00\" data-element_type=\"widget\" data-widget_type=\"spacer.default\">\n\t\t\t\t<div class=\"elementor-widget-container\">\n\t\t\t\t\t\t\t<div class=\"elementor-spacer\">\n\t\t\t<div class=\"elementor-spacer-inner\"><\/div>\n\t\t<\/div>\n\t\t\t\t\t\t<\/div>\n\t\t\t\t<\/div>\n\t\t\t\t\t<\/div>\n\t\t<\/div>\n\t\t\t\t\t<\/div>\n\t\t<\/section>\n\t\t\t\t<div class=\"elementor-element elementor-element-967147a elementor-widget elementor-widget-spacer\" data-id=\"967147a\" data-element_type=\"widget\" data-widget_type=\"spacer.default\">\n\t\t\t\t<div class=\"elementor-widget-container\">\n\t\t\t\t\t\t\t<div class=\"elementor-spacer\">\n\t\t\t<div class=\"elementor-spacer-inner\"><\/div>\n\t\t<\/div>\n\t\t\t\t\t\t<\/div>\n\t\t\t\t<\/div>\n\t\t\t\t<div class=\"elementor-element elementor-element-dedc52a elementor-widget elementor-widget-image\" data-id=\"dedc52a\" data-element_type=\"widget\" data-widget_type=\"image.default\">\n\t\t\t\t<div class=\"elementor-widget-container\">\n\t\t\t\t\t\t\t\t\t\t\t\t\t\t\t<img fetchpriority=\"high\" decoding=\"async\" width=\"1536\" height=\"785\" src=\"https:\/\/www.dafrapharma.com\/wp-content\/uploads\/2021\/10\/Togo-Co-FR.png\" class=\"attachment-1536x1536 size-1536x1536 wp-image-5573\" alt=\"\" \/>\t\t\t\t\t\t\t\t\t\t\t\t\t\t\t<\/div>\n\t\t\t\t<\/div>\n\t\t\t\t<div class=\"elementor-element elementor-element-1687f1d elementor-widget elementor-widget-image\" data-id=\"1687f1d\" data-element_type=\"widget\" data-widget_type=\"image.default\">\n\t\t\t\t<div class=\"elementor-widget-container\">\n\t\t\t\t\t\t\t\t\t\t\t\t\t\t\t<img decoding=\"async\" width=\"1536\" height=\"863\" src=\"https:\/\/www.dafrapharma.com\/wp-content\/uploads\/2021\/08\/Congo-Brazza-Co-1.png\" class=\"attachment-1536x1536 size-1536x1536 wp-image-4672\" alt=\"\" \/>\t\t\t\t\t\t\t\t\t\t\t\t\t\t\t<\/div>\n\t\t\t\t<\/div>\n\t\t\t\t\t<\/div>\n\t\t<\/div>\n\t\t\t\t\t<\/div>\n\t\t<\/section>\n\t\t\t\t<\/div>\n\t\t","protected":false},"excerpt":{"rendered":"<p>L&rsquo;\u00e9quipe Dafra Pharma L&rsquo;\u00e9quipe Dafra partage la m\u00eame mission et vision et travaille ensemble pour atteindre le m\u00eame but. Tout l&rsquo;\u00e9quipe de Dafra Pharma collabore intens\u00e9ment pour atteindre les objectifs communs. Nous appr\u00e9cions largement l&rsquo;effort que notre \u00e9quipe de plus que 200 employ\u00e9s enthousiastes fait dans 30 pays africains, parce qu&rsquo;ils sont les facilitateurs du [&hellip;]<\/p>\n","protected":false},"author":1,"featured_media":162,"parent":0,"menu_order":0,"comment_status":"closed","ping_status":"closed","template":"elementor_header_footer","meta":{"footnotes":""},"location":[67],"class_list":["post-922","page","type-page","status-publish","has-post-thumbnail","hentry","location-notre-societe"],"yoast_head":"<!-- This site is optimized with the Yoast SEO plugin v27.5 - https:\/\/yoast.com\/product\/yoast-seo-wordpress\/ -->\n<title>L&#039;\u00e9quipe Dafra Pharma - Dafra Pharma<\/title>\n<meta name=\"robots\" content=\"index, follow, max-snippet:-1, max-image-preview:large, max-video-preview:-1\" \/>\n<link rel=\"canonical\" href=\"https:\/\/www.dafrapharma.com\/fr\/lequipe-dafra-pharma\/\" \/>\n<meta property=\"og:locale\" content=\"fr_FR\" \/>\n<meta property=\"og:type\" content=\"article\" \/>\n<meta property=\"og:title\" content=\"L&#039;\u00e9quipe Dafra Pharma - Dafra Pharma\" \/>\n<meta property=\"og:description\" content=\"L&rsquo;\u00e9quipe Dafra Pharma L&rsquo;\u00e9quipe Dafra partage la m\u00eame mission et vision et travaille ensemble pour atteindre le m\u00eame but. Tout l&rsquo;\u00e9quipe de Dafra Pharma collabore intens\u00e9ment pour atteindre les objectifs communs. Nous appr\u00e9cions largement l&rsquo;effort que notre \u00e9quipe de plus que 200 employ\u00e9s enthousiastes fait dans 30 pays africains, parce qu&rsquo;ils sont les facilitateurs du [&hellip;]\" \/>\n<meta property=\"og:url\" content=\"https:\/\/www.dafrapharma.com\/fr\/lequipe-dafra-pharma\/\" \/>\n<meta property=\"og:site_name\" content=\"Dafra Pharma\" \/>\n<meta property=\"article:modified_time\" content=\"2021-10-01T10:14:18+00:00\" \/>\n<meta property=\"og:image\" content=\"https:\/\/www.dafrapharma.com\/wp-content\/uploads\/2021\/06\/DafraPharma-Your-quality-healthcare-partner-in-Sub-Saharan-Africa-8.jpg\" \/>\n\t<meta property=\"og:image:width\" content=\"2000\" \/>\n\t<meta property=\"og:image:height\" content=\"1869\" \/>\n\t<meta property=\"og:image:type\" content=\"image\/jpeg\" \/>\n<meta name=\"twitter:card\" content=\"summary_large_image\" \/>\n<meta name=\"twitter:label1\" content=\"Dur\u00e9e de lecture estim\u00e9e\" \/>\n\t<meta name=\"twitter:data1\" content=\"1 minute\" \/>\n<script type=\"application\/ld+json\" class=\"yoast-schema-graph\">{\"@context\":\"https:\\\/\\\/schema.org\",\"@graph\":[{\"@type\":\"WebPage\",\"@id\":\"https:\\\/\\\/www.dafrapharma.com\\\/fr\\\/lequipe-dafra-pharma\\\/\",\"url\":\"https:\\\/\\\/www.dafrapharma.com\\\/fr\\\/lequipe-dafra-pharma\\\/\",\"name\":\"L'\u00e9quipe Dafra Pharma - Dafra Pharma\",\"isPartOf\":{\"@id\":\"https:\\\/\\\/www.dafrapharma.com\\\/fr\\\/#website\"},\"primaryImageOfPage\":{\"@id\":\"https:\\\/\\\/www.dafrapharma.com\\\/fr\\\/lequipe-dafra-pharma\\\/#primaryimage\"},\"image\":{\"@id\":\"https:\\\/\\\/www.dafrapharma.com\\\/fr\\\/lequipe-dafra-pharma\\\/#primaryimage\"},\"thumbnailUrl\":\"https:\\\/\\\/www.dafrapharma.com\\\/wp-content\\\/uploads\\\/2021\\\/06\\\/DafraPharma-Your-quality-healthcare-partner-in-Sub-Saharan-Africa-8.jpg\",\"datePublished\":\"2021-07-14T10:24:46+00:00\",\"dateModified\":\"2021-10-01T10:14:18+00:00\",\"breadcrumb\":{\"@id\":\"https:\\\/\\\/www.dafrapharma.com\\\/fr\\\/lequipe-dafra-pharma\\\/#breadcrumb\"},\"inLanguage\":\"fr-FR\",\"potentialAction\":[{\"@type\":\"ReadAction\",\"target\":[\"https:\\\/\\\/www.dafrapharma.com\\\/fr\\\/lequipe-dafra-pharma\\\/\"]}]},{\"@type\":\"ImageObject\",\"inLanguage\":\"fr-FR\",\"@id\":\"https:\\\/\\\/www.dafrapharma.com\\\/fr\\\/lequipe-dafra-pharma\\\/#primaryimage\",\"url\":\"https:\\\/\\\/www.dafrapharma.com\\\/wp-content\\\/uploads\\\/2021\\\/06\\\/DafraPharma-Your-quality-healthcare-partner-in-Sub-Saharan-Africa-8.jpg\",\"contentUrl\":\"https:\\\/\\\/www.dafrapharma.com\\\/wp-content\\\/uploads\\\/2021\\\/06\\\/DafraPharma-Your-quality-healthcare-partner-in-Sub-Saharan-Africa-8.jpg\",\"width\":2000,\"height\":1869},{\"@type\":\"BreadcrumbList\",\"@id\":\"https:\\\/\\\/www.dafrapharma.com\\\/fr\\\/lequipe-dafra-pharma\\\/#breadcrumb\",\"itemListElement\":[{\"@type\":\"ListItem\",\"position\":1,\"name\":\"Home\",\"item\":\"https:\\\/\\\/www.dafrapharma.com\\\/fr\\\/\"},{\"@type\":\"ListItem\",\"position\":2,\"name\":\"L&rsquo;\u00e9quipe Dafra Pharma\"}]},{\"@type\":\"WebSite\",\"@id\":\"https:\\\/\\\/www.dafrapharma.com\\\/fr\\\/#website\",\"url\":\"https:\\\/\\\/www.dafrapharma.com\\\/fr\\\/\",\"name\":\"Dafra Pharma\",\"description\":\"our quality healthcare partner in Sub-Saharan Africa\",\"publisher\":{\"@id\":\"https:\\\/\\\/www.dafrapharma.com\\\/fr\\\/#organization\"},\"potentialAction\":[{\"@type\":\"SearchAction\",\"target\":{\"@type\":\"EntryPoint\",\"urlTemplate\":\"https:\\\/\\\/www.dafrapharma.com\\\/fr\\\/?s={search_term_string}\"},\"query-input\":{\"@type\":\"PropertyValueSpecification\",\"valueRequired\":true,\"valueName\":\"search_term_string\"}}],\"inLanguage\":\"fr-FR\"},{\"@type\":\"Organization\",\"@id\":\"https:\\\/\\\/www.dafrapharma.com\\\/fr\\\/#organization\",\"name\":\"Dafra Pharma\",\"url\":\"https:\\\/\\\/www.dafrapharma.com\\\/fr\\\/\",\"logo\":{\"@type\":\"ImageObject\",\"inLanguage\":\"fr-FR\",\"@id\":\"https:\\\/\\\/www.dafrapharma.com\\\/fr\\\/#\\\/schema\\\/logo\\\/image\\\/\",\"url\":\"https:\\\/\\\/www.dafrapharma.com\\\/wp-content\\\/uploads\\\/2021\\\/04\\\/Dafra-logo-01-1.svg\",\"contentUrl\":\"https:\\\/\\\/www.dafrapharma.com\\\/wp-content\\\/uploads\\\/2021\\\/04\\\/Dafra-logo-01-1.svg\",\"caption\":\"Dafra Pharma\"},\"image\":{\"@id\":\"https:\\\/\\\/www.dafrapharma.com\\\/fr\\\/#\\\/schema\\\/logo\\\/image\\\/\"}}]}<\/script>\n<!-- \/ Yoast SEO plugin. -->","yoast_head_json":{"title":"L'\u00e9quipe Dafra Pharma - Dafra Pharma","robots":{"index":"index","follow":"follow","max-snippet":"max-snippet:-1","max-image-preview":"max-image-preview:large","max-video-preview":"max-video-preview:-1"},"canonical":"https:\/\/www.dafrapharma.com\/fr\/lequipe-dafra-pharma\/","og_locale":"fr_FR","og_type":"article","og_title":"L'\u00e9quipe Dafra Pharma - Dafra Pharma","og_description":"L&rsquo;\u00e9quipe Dafra Pharma L&rsquo;\u00e9quipe Dafra partage la m\u00eame mission et vision et travaille ensemble pour atteindre le m\u00eame but. Tout l&rsquo;\u00e9quipe de Dafra Pharma collabore intens\u00e9ment pour atteindre les objectifs communs. Nous appr\u00e9cions largement l&rsquo;effort que notre \u00e9quipe de plus que 200 employ\u00e9s enthousiastes fait dans 30 pays africains, parce qu&rsquo;ils sont les facilitateurs du [&hellip;]","og_url":"https:\/\/www.dafrapharma.com\/fr\/lequipe-dafra-pharma\/","og_site_name":"Dafra Pharma","article_modified_time":"2021-10-01T10:14:18+00:00","og_image":[{"width":2000,"height":1869,"url":"https:\/\/www.dafrapharma.com\/wp-content\/uploads\/2021\/06\/DafraPharma-Your-quality-healthcare-partner-in-Sub-Saharan-Africa-8.jpg","type":"image\/jpeg"}],"twitter_card":"summary_large_image","twitter_misc":{"Dur\u00e9e de lecture estim\u00e9e":"1 minute"},"schema":{"@context":"https:\/\/schema.org","@graph":[{"@type":"WebPage","@id":"https:\/\/www.dafrapharma.com\/fr\/lequipe-dafra-pharma\/","url":"https:\/\/www.dafrapharma.com\/fr\/lequipe-dafra-pharma\/","name":"L'\u00e9quipe Dafra Pharma - Dafra Pharma","isPartOf":{"@id":"https:\/\/www.dafrapharma.com\/fr\/#website"},"primaryImageOfPage":{"@id":"https:\/\/www.dafrapharma.com\/fr\/lequipe-dafra-pharma\/#primaryimage"},"image":{"@id":"https:\/\/www.dafrapharma.com\/fr\/lequipe-dafra-pharma\/#primaryimage"},"thumbnailUrl":"https:\/\/www.dafrapharma.com\/wp-content\/uploads\/2021\/06\/DafraPharma-Your-quality-healthcare-partner-in-Sub-Saharan-Africa-8.jpg","datePublished":"2021-07-14T10:24:46+00:00","dateModified":"2021-10-01T10:14:18+00:00","breadcrumb":{"@id":"https:\/\/www.dafrapharma.com\/fr\/lequipe-dafra-pharma\/#breadcrumb"},"inLanguage":"fr-FR","potentialAction":[{"@type":"ReadAction","target":["https:\/\/www.dafrapharma.com\/fr\/lequipe-dafra-pharma\/"]}]},{"@type":"ImageObject","inLanguage":"fr-FR","@id":"https:\/\/www.dafrapharma.com\/fr\/lequipe-dafra-pharma\/#primaryimage","url":"https:\/\/www.dafrapharma.com\/wp-content\/uploads\/2021\/06\/DafraPharma-Your-quality-healthcare-partner-in-Sub-Saharan-Africa-8.jpg","contentUrl":"https:\/\/www.dafrapharma.com\/wp-content\/uploads\/2021\/06\/DafraPharma-Your-quality-healthcare-partner-in-Sub-Saharan-Africa-8.jpg","width":2000,"height":1869},{"@type":"BreadcrumbList","@id":"https:\/\/www.dafrapharma.com\/fr\/lequipe-dafra-pharma\/#breadcrumb","itemListElement":[{"@type":"ListItem","position":1,"name":"Home","item":"https:\/\/www.dafrapharma.com\/fr\/"},{"@type":"ListItem","position":2,"name":"L&rsquo;\u00e9quipe Dafra Pharma"}]},{"@type":"WebSite","@id":"https:\/\/www.dafrapharma.com\/fr\/#website","url":"https:\/\/www.dafrapharma.com\/fr\/","name":"Dafra Pharma","description":"our quality healthcare partner in Sub-Saharan Africa","publisher":{"@id":"https:\/\/www.dafrapharma.com\/fr\/#organization"},"potentialAction":[{"@type":"SearchAction","target":{"@type":"EntryPoint","urlTemplate":"https:\/\/www.dafrapharma.com\/fr\/?s={search_term_string}"},"query-input":{"@type":"PropertyValueSpecification","valueRequired":true,"valueName":"search_term_string"}}],"inLanguage":"fr-FR"},{"@type":"Organization","@id":"https:\/\/www.dafrapharma.com\/fr\/#organization","name":"Dafra Pharma","url":"https:\/\/www.dafrapharma.com\/fr\/","logo":{"@type":"ImageObject","inLanguage":"fr-FR","@id":"https:\/\/www.dafrapharma.com\/fr\/#\/schema\/logo\/image\/","url":"https:\/\/www.dafrapharma.com\/wp-content\/uploads\/2021\/04\/Dafra-logo-01-1.svg","contentUrl":"https:\/\/www.dafrapharma.com\/wp-content\/uploads\/2021\/04\/Dafra-logo-01-1.svg","caption":"Dafra Pharma"},"image":{"@id":"https:\/\/www.dafrapharma.com\/fr\/#\/schema\/logo\/image\/"}}]}},"_links":{"self":[{"href":"https:\/\/www.dafrapharma.com\/fr\/wp-json\/wp\/v2\/pages\/922","targetHints":{"allow":["GET"]}}],"collection":[{"href":"https:\/\/www.dafrapharma.com\/fr\/wp-json\/wp\/v2\/pages"}],"about":[{"href":"https:\/\/www.dafrapharma.com\/fr\/wp-json\/wp\/v2\/types\/page"}],"author":[{"embeddable":true,"href":"https:\/\/www.dafrapharma.com\/fr\/wp-json\/wp\/v2\/users\/1"}],"replies":[{"embeddable":true,"href":"https:\/\/www.dafrapharma.com\/fr\/wp-json\/wp\/v2\/comments?post=922"}],"version-history":[{"count":0,"href":"https:\/\/www.dafrapharma.com\/fr\/wp-json\/wp\/v2\/pages\/922\/revisions"}],"wp:featuredmedia":[{"embeddable":true,"href":"https:\/\/www.dafrapharma.com\/fr\/wp-json\/wp\/v2\/media\/162"}],"wp:attachment":[{"href":"https:\/\/www.dafrapharma.com\/fr\/wp-json\/wp\/v2\/media?parent=922"}],"wp:term":[{"taxonomy":"location","embeddable":true,"href":"https:\/\/www.dafrapharma.com\/fr\/wp-json\/wp\/v2\/location?post=922"}],"curies":[{"name":"wp","href":"https:\/\/api.w.org\/{rel}","templated":true}]}}