{"id":893,"date":"2021-07-14T12:15:15","date_gmt":"2021-07-14T10:15:15","guid":{"rendered":"https:\/\/dafrapharma.designbyfloor-beta.be\/notre-societe-dafra-phama\/"},"modified":"2023-11-09T08:00:59","modified_gmt":"2023-11-09T07:00:59","slug":"notre-societe","status":"publish","type":"page","link":"https:\/\/www.dafrapharma.com\/fr\/notre-societe\/","title":{"rendered":"Notre soci\u00e9t\u00e9"},"content":{"rendered":"\t\t<div data-elementor-type=\"wp-page\" data-elementor-id=\"893\" class=\"elementor elementor-893 elementor-260\" data-elementor-post-type=\"page\">\n\t\t\t\t\t\t<section class=\"elementor-section elementor-top-section elementor-element elementor-element-1f737d0 elementor-section-boxed elementor-section-height-default elementor-section-height-default\" data-id=\"1f737d0\" data-element_type=\"section\">\n\t\t\t\t\t\t<div class=\"elementor-container elementor-column-gap-default\">\n\t\t\t\t\t<div class=\"elementor-column elementor-col-100 elementor-top-column elementor-element elementor-element-2bded24\" data-id=\"2bded24\" data-element_type=\"column\" data-settings=\"{&quot;background_background&quot;:&quot;classic&quot;}\">\n\t\t\t<div class=\"elementor-widget-wrap elementor-element-populated\">\n\t\t\t\t\t\t<section class=\"elementor-section elementor-inner-section elementor-element elementor-element-f9a77f9 elementor-section-boxed elementor-section-height-default elementor-section-height-default\" data-id=\"f9a77f9\" data-element_type=\"section\">\n\t\t\t\t\t\t<div class=\"elementor-container elementor-column-gap-default\">\n\t\t\t\t\t<div class=\"elementor-column elementor-col-50 elementor-inner-column elementor-element elementor-element-ed30987\" data-id=\"ed30987\" data-element_type=\"column\">\n\t\t\t<div class=\"elementor-widget-wrap elementor-element-populated\">\n\t\t\t\t\t\t<div class=\"elementor-element elementor-element-bfd511f elementor-widget elementor-widget-heading\" data-id=\"bfd511f\" data-element_type=\"widget\" data-widget_type=\"heading.default\">\n\t\t\t\t<div class=\"elementor-widget-container\">\n\t\t\t\t\t<h1 class=\"elementor-heading-title elementor-size-default\">Notre soci\u00e9t\u00e9<\/h1>\t\t\t\t<\/div>\n\t\t\t\t<\/div>\n\t\t\t\t<div class=\"elementor-element elementor-element-ccf80db elementor-widget elementor-widget-text-editor\" data-id=\"ccf80db\" data-element_type=\"widget\" data-widget_type=\"text-editor.default\">\n\t\t\t\t<div class=\"elementor-widget-container\">\n\t\t\t\t\t\t\t\t\t<h3>Nous sommes une soci\u00e9t\u00e9 pharmaceutique internationale qui tient \u00e0 c\u0153ur la sant\u00e9 de la population africaine.<\/h3><p>Dafra Pharma International est un groupe de soci\u00e9t\u00e9s priv\u00e9es qui est r\u00e9solu de mettre \u00e0 disposition des m\u00e9dicaments de haute qualit\u00e9 \u00e0 la population africaine. Depuis 25 ans, Dafra Pharma r\u00e9ussit \u00e0 d\u00e9velopper des solutions innovatrices pour des probl\u00e8mes de sant\u00e9 auxquels la population africaine se voit confront\u00e9e quotidiennement. Le succ\u00e8s de Dafra Pharma est construit sur la base suivante :<\/p><ul><li>Les patients nous tiennent \u00e0 c\u0153ur ;<\/li><li>La compr\u00e9hension des besoins et soucis locaux nous aide \u00e0 d\u00e9velopper des traitements efficaces\u00a0;<\/li><li>Le d\u00e9veloppement et l&rsquo;optimalisation des traitements est notre effort continu.<\/li><\/ul>\t\t\t\t\t\t\t\t<\/div>\n\t\t\t\t<\/div>\n\t\t\t\t<div class=\"elementor-element elementor-element-a5b6a4e elementor-widget elementor-widget-video\" data-id=\"a5b6a4e\" data-element_type=\"widget\" data-settings=\"{&quot;video_type&quot;:&quot;hosted&quot;,&quot;controls&quot;:&quot;yes&quot;}\" data-widget_type=\"video.default\">\n\t\t\t\t<div class=\"elementor-widget-container\">\n\t\t\t\t\t\t\t<div class=\"e-hosted-video elementor-wrapper elementor-open-inline\">\n\t\t\t\t\t<video class=\"elementor-video\" src=\"http:\/\/www.dafrapharma.com\/wp-content\/uploads\/2023\/11\/Video-de-presentation-du-labo-Dafra-Pharma-2023-ANF.mp4\" controls=\"\" preload=\"metadata\" controlsList=\"nodownload\"><\/video>\n\t\t\t\t<\/div>\n\t\t\t\t\t\t<\/div>\n\t\t\t\t<\/div>\n\t\t\t\t<div class=\"elementor-element elementor-element-353b15b elementor-widget elementor-widget-image\" data-id=\"353b15b\" data-element_type=\"widget\" data-widget_type=\"image.default\">\n\t\t\t\t<div class=\"elementor-widget-container\">\n\t\t\t\t\t\t\t\t\t\t\t\t\t\t\t<img fetchpriority=\"high\" decoding=\"async\" width=\"300\" height=\"214\" src=\"https:\/\/www.dafrapharma.com\/wp-content\/uploads\/2021\/07\/Magazine-dentreprise-Dafra-Pharma-Francais-300x214.png\" class=\"attachment-medium size-medium wp-image-1225\" alt=\"\" srcset=\"https:\/\/www.dafrapharma.com\/wp-content\/uploads\/2021\/07\/Magazine-dentreprise-Dafra-Pharma-Francais-300x214.png 300w, https:\/\/www.dafrapharma.com\/wp-content\/uploads\/2021\/07\/Magazine-dentreprise-Dafra-Pharma-Francais-768x549.png 768w, https:\/\/www.dafrapharma.com\/wp-content\/uploads\/2021\/07\/Magazine-dentreprise-Dafra-Pharma-Francais.png 987w\" sizes=\"(max-width: 300px) 100vw, 300px\" \/>\t\t\t\t\t\t\t\t\t\t\t\t\t\t\t<\/div>\n\t\t\t\t<\/div>\n\t\t\t\t<div class=\"elementor-element elementor-element-45f4d64 elementor-align-center elementor-widget elementor-widget-button\" data-id=\"45f4d64\" data-element_type=\"widget\" data-widget_type=\"button.default\">\n\t\t\t\t<div class=\"elementor-widget-container\">\n\t\t\t\t\t\t\t\t\t<div class=\"elementor-button-wrapper\">\n\t\t\t\t\t<a class=\"elementor-button elementor-button-link elementor-size-sm\" href=\"https:\/\/www.dafrapharma.com\/wp-content\/uploads\/2021\/07\/Magazine-dentreprise-Dafra-Pharma-Francais.pdf\" target=\"_blank\">\n\t\t\t\t\t\t<span class=\"elementor-button-content-wrapper\">\n\t\t\t\t\t\t<span class=\"elementor-button-icon\">\n\t\t\t\t<i aria-hidden=\"true\" class=\"fas fa-download\"><\/i>\t\t\t<\/span>\n\t\t\t\t\t\t\t\t\t<span class=\"elementor-button-text\">Cliquez ici pour t\u00e9l\u00e9charger notre brochure d'affaires<\/span>\n\t\t\t\t\t<\/span>\n\t\t\t\t\t<\/a>\n\t\t\t\t<\/div>\n\t\t\t\t\t\t\t\t<\/div>\n\t\t\t\t<\/div>\n\t\t\t\t\t<\/div>\n\t\t<\/div>\n\t\t\t\t<div class=\"elementor-column elementor-col-50 elementor-inner-column elementor-element elementor-element-17b47e6\" data-id=\"17b47e6\" data-element_type=\"column\" data-settings=\"{&quot;background_background&quot;:&quot;classic&quot;}\">\n\t\t\t<div class=\"elementor-widget-wrap elementor-element-populated\">\n\t\t\t\t\t\t<div class=\"elementor-element elementor-element-5276551 elementor-widget elementor-widget-spacer\" data-id=\"5276551\" data-element_type=\"widget\" data-widget_type=\"spacer.default\">\n\t\t\t\t<div class=\"elementor-widget-container\">\n\t\t\t\t\t\t\t<div class=\"elementor-spacer\">\n\t\t\t<div class=\"elementor-spacer-inner\"><\/div>\n\t\t<\/div>\n\t\t\t\t\t\t<\/div>\n\t\t\t\t<\/div>\n\t\t\t\t\t<\/div>\n\t\t<\/div>\n\t\t\t\t\t<\/div>\n\t\t<\/section>\n\t\t\t\t\t<\/div>\n\t\t<\/div>\n\t\t\t\t\t<\/div>\n\t\t<\/section>\n\t\t\t\t<\/div>\n\t\t","protected":false},"excerpt":{"rendered":"<p>Notre soci\u00e9t\u00e9 Nous sommes une soci\u00e9t\u00e9 pharmaceutique internationale qui tient \u00e0 c\u0153ur la sant\u00e9 de la population africaine. Dafra Pharma International est un groupe de soci\u00e9t\u00e9s priv\u00e9es qui est r\u00e9solu de mettre \u00e0 disposition des m\u00e9dicaments de haute qualit\u00e9 \u00e0 la population africaine. Depuis 25 ans, Dafra Pharma r\u00e9ussit \u00e0 d\u00e9velopper des solutions innovatrices pour [&hellip;]<\/p>\n","protected":false},"author":1,"featured_media":180,"parent":0,"menu_order":0,"comment_status":"closed","ping_status":"closed","template":"elementor_header_footer","meta":{"footnotes":""},"location":[67],"class_list":["post-893","page","type-page","status-publish","has-post-thumbnail","hentry","location-notre-societe"],"yoast_head":"<!-- This site is optimized with the Yoast SEO plugin v27.5 - https:\/\/yoast.com\/product\/yoast-seo-wordpress\/ -->\n<title>Notre soci\u00e9t\u00e9 - Dafra Pharma<\/title>\n<meta name=\"robots\" content=\"index, follow, max-snippet:-1, max-image-preview:large, max-video-preview:-1\" \/>\n<link rel=\"canonical\" href=\"https:\/\/www.dafrapharma.com\/fr\/notre-societe\/\" \/>\n<meta property=\"og:locale\" content=\"fr_FR\" \/>\n<meta property=\"og:type\" content=\"article\" \/>\n<meta property=\"og:title\" content=\"Notre soci\u00e9t\u00e9 - Dafra Pharma\" \/>\n<meta property=\"og:description\" content=\"Notre soci\u00e9t\u00e9 Nous sommes une soci\u00e9t\u00e9 pharmaceutique internationale qui tient \u00e0 c\u0153ur la sant\u00e9 de la population africaine. Dafra Pharma International est un groupe de soci\u00e9t\u00e9s priv\u00e9es qui est r\u00e9solu de mettre \u00e0 disposition des m\u00e9dicaments de haute qualit\u00e9 \u00e0 la population africaine. Depuis 25 ans, Dafra Pharma r\u00e9ussit \u00e0 d\u00e9velopper des solutions innovatrices pour [&hellip;]\" \/>\n<meta property=\"og:url\" content=\"https:\/\/www.dafrapharma.com\/fr\/notre-societe\/\" \/>\n<meta property=\"og:site_name\" content=\"Dafra Pharma\" \/>\n<meta property=\"article:modified_time\" content=\"2023-11-09T07:00:59+00:00\" \/>\n<meta property=\"og:image\" content=\"http:\/\/www.dafrapharma.com\/wp-content\/uploads\/2021\/06\/DafraPharma-Your-quality-healthcare-partner-in-Sub-Saharan-Africa-22.jpg\" \/>\n\t<meta property=\"og:image:width\" content=\"2000\" \/>\n\t<meta property=\"og:image:height\" content=\"1333\" \/>\n\t<meta property=\"og:image:type\" content=\"image\/jpeg\" \/>\n<meta name=\"twitter:card\" content=\"summary_large_image\" \/>\n<meta name=\"twitter:label1\" content=\"Dur\u00e9e de lecture estim\u00e9e\" \/>\n\t<meta name=\"twitter:data1\" content=\"1 minute\" \/>\n<script type=\"application\/ld+json\" class=\"yoast-schema-graph\">{\"@context\":\"https:\\\/\\\/schema.org\",\"@graph\":[{\"@type\":\"WebPage\",\"@id\":\"https:\\\/\\\/www.dafrapharma.com\\\/fr\\\/notre-societe\\\/\",\"url\":\"https:\\\/\\\/www.dafrapharma.com\\\/fr\\\/notre-societe\\\/\",\"name\":\"Notre soci\u00e9t\u00e9 - Dafra Pharma\",\"isPartOf\":{\"@id\":\"https:\\\/\\\/www.dafrapharma.com\\\/fr\\\/#website\"},\"primaryImageOfPage\":{\"@id\":\"https:\\\/\\\/www.dafrapharma.com\\\/fr\\\/notre-societe\\\/#primaryimage\"},\"image\":{\"@id\":\"https:\\\/\\\/www.dafrapharma.com\\\/fr\\\/notre-societe\\\/#primaryimage\"},\"thumbnailUrl\":\"https:\\\/\\\/www.dafrapharma.com\\\/wp-content\\\/uploads\\\/2021\\\/06\\\/DafraPharma-Your-quality-healthcare-partner-in-Sub-Saharan-Africa-22.jpg\",\"datePublished\":\"2021-07-14T10:15:15+00:00\",\"dateModified\":\"2023-11-09T07:00:59+00:00\",\"breadcrumb\":{\"@id\":\"https:\\\/\\\/www.dafrapharma.com\\\/fr\\\/notre-societe\\\/#breadcrumb\"},\"inLanguage\":\"fr-FR\",\"potentialAction\":[{\"@type\":\"ReadAction\",\"target\":[\"https:\\\/\\\/www.dafrapharma.com\\\/fr\\\/notre-societe\\\/\"]}]},{\"@type\":\"ImageObject\",\"inLanguage\":\"fr-FR\",\"@id\":\"https:\\\/\\\/www.dafrapharma.com\\\/fr\\\/notre-societe\\\/#primaryimage\",\"url\":\"https:\\\/\\\/www.dafrapharma.com\\\/wp-content\\\/uploads\\\/2021\\\/06\\\/DafraPharma-Your-quality-healthcare-partner-in-Sub-Saharan-Africa-22.jpg\",\"contentUrl\":\"https:\\\/\\\/www.dafrapharma.com\\\/wp-content\\\/uploads\\\/2021\\\/06\\\/DafraPharma-Your-quality-healthcare-partner-in-Sub-Saharan-Africa-22.jpg\",\"width\":2000,\"height\":1333},{\"@type\":\"BreadcrumbList\",\"@id\":\"https:\\\/\\\/www.dafrapharma.com\\\/fr\\\/notre-societe\\\/#breadcrumb\",\"itemListElement\":[{\"@type\":\"ListItem\",\"position\":1,\"name\":\"Home\",\"item\":\"https:\\\/\\\/www.dafrapharma.com\\\/fr\\\/\"},{\"@type\":\"ListItem\",\"position\":2,\"name\":\"Notre soci\u00e9t\u00e9\"}]},{\"@type\":\"WebSite\",\"@id\":\"https:\\\/\\\/www.dafrapharma.com\\\/fr\\\/#website\",\"url\":\"https:\\\/\\\/www.dafrapharma.com\\\/fr\\\/\",\"name\":\"Dafra Pharma\",\"description\":\"our quality healthcare partner in Sub-Saharan Africa\",\"publisher\":{\"@id\":\"https:\\\/\\\/www.dafrapharma.com\\\/fr\\\/#organization\"},\"potentialAction\":[{\"@type\":\"SearchAction\",\"target\":{\"@type\":\"EntryPoint\",\"urlTemplate\":\"https:\\\/\\\/www.dafrapharma.com\\\/fr\\\/?s={search_term_string}\"},\"query-input\":{\"@type\":\"PropertyValueSpecification\",\"valueRequired\":true,\"valueName\":\"search_term_string\"}}],\"inLanguage\":\"fr-FR\"},{\"@type\":\"Organization\",\"@id\":\"https:\\\/\\\/www.dafrapharma.com\\\/fr\\\/#organization\",\"name\":\"Dafra Pharma\",\"url\":\"https:\\\/\\\/www.dafrapharma.com\\\/fr\\\/\",\"logo\":{\"@type\":\"ImageObject\",\"inLanguage\":\"fr-FR\",\"@id\":\"https:\\\/\\\/www.dafrapharma.com\\\/fr\\\/#\\\/schema\\\/logo\\\/image\\\/\",\"url\":\"https:\\\/\\\/www.dafrapharma.com\\\/wp-content\\\/uploads\\\/2021\\\/04\\\/Dafra-logo-01-1.svg\",\"contentUrl\":\"https:\\\/\\\/www.dafrapharma.com\\\/wp-content\\\/uploads\\\/2021\\\/04\\\/Dafra-logo-01-1.svg\",\"caption\":\"Dafra Pharma\"},\"image\":{\"@id\":\"https:\\\/\\\/www.dafrapharma.com\\\/fr\\\/#\\\/schema\\\/logo\\\/image\\\/\"}}]}<\/script>\n<!-- \/ Yoast SEO plugin. -->","yoast_head_json":{"title":"Notre soci\u00e9t\u00e9 - Dafra Pharma","robots":{"index":"index","follow":"follow","max-snippet":"max-snippet:-1","max-image-preview":"max-image-preview:large","max-video-preview":"max-video-preview:-1"},"canonical":"https:\/\/www.dafrapharma.com\/fr\/notre-societe\/","og_locale":"fr_FR","og_type":"article","og_title":"Notre soci\u00e9t\u00e9 - Dafra Pharma","og_description":"Notre soci\u00e9t\u00e9 Nous sommes une soci\u00e9t\u00e9 pharmaceutique internationale qui tient \u00e0 c\u0153ur la sant\u00e9 de la population africaine. Dafra Pharma International est un groupe de soci\u00e9t\u00e9s priv\u00e9es qui est r\u00e9solu de mettre \u00e0 disposition des m\u00e9dicaments de haute qualit\u00e9 \u00e0 la population africaine. Depuis 25 ans, Dafra Pharma r\u00e9ussit \u00e0 d\u00e9velopper des solutions innovatrices pour [&hellip;]","og_url":"https:\/\/www.dafrapharma.com\/fr\/notre-societe\/","og_site_name":"Dafra Pharma","article_modified_time":"2023-11-09T07:00:59+00:00","og_image":[{"width":2000,"height":1333,"url":"http:\/\/www.dafrapharma.com\/wp-content\/uploads\/2021\/06\/DafraPharma-Your-quality-healthcare-partner-in-Sub-Saharan-Africa-22.jpg","type":"image\/jpeg"}],"twitter_card":"summary_large_image","twitter_misc":{"Dur\u00e9e de lecture estim\u00e9e":"1 minute"},"schema":{"@context":"https:\/\/schema.org","@graph":[{"@type":"WebPage","@id":"https:\/\/www.dafrapharma.com\/fr\/notre-societe\/","url":"https:\/\/www.dafrapharma.com\/fr\/notre-societe\/","name":"Notre soci\u00e9t\u00e9 - Dafra Pharma","isPartOf":{"@id":"https:\/\/www.dafrapharma.com\/fr\/#website"},"primaryImageOfPage":{"@id":"https:\/\/www.dafrapharma.com\/fr\/notre-societe\/#primaryimage"},"image":{"@id":"https:\/\/www.dafrapharma.com\/fr\/notre-societe\/#primaryimage"},"thumbnailUrl":"https:\/\/www.dafrapharma.com\/wp-content\/uploads\/2021\/06\/DafraPharma-Your-quality-healthcare-partner-in-Sub-Saharan-Africa-22.jpg","datePublished":"2021-07-14T10:15:15+00:00","dateModified":"2023-11-09T07:00:59+00:00","breadcrumb":{"@id":"https:\/\/www.dafrapharma.com\/fr\/notre-societe\/#breadcrumb"},"inLanguage":"fr-FR","potentialAction":[{"@type":"ReadAction","target":["https:\/\/www.dafrapharma.com\/fr\/notre-societe\/"]}]},{"@type":"ImageObject","inLanguage":"fr-FR","@id":"https:\/\/www.dafrapharma.com\/fr\/notre-societe\/#primaryimage","url":"https:\/\/www.dafrapharma.com\/wp-content\/uploads\/2021\/06\/DafraPharma-Your-quality-healthcare-partner-in-Sub-Saharan-Africa-22.jpg","contentUrl":"https:\/\/www.dafrapharma.com\/wp-content\/uploads\/2021\/06\/DafraPharma-Your-quality-healthcare-partner-in-Sub-Saharan-Africa-22.jpg","width":2000,"height":1333},{"@type":"BreadcrumbList","@id":"https:\/\/www.dafrapharma.com\/fr\/notre-societe\/#breadcrumb","itemListElement":[{"@type":"ListItem","position":1,"name":"Home","item":"https:\/\/www.dafrapharma.com\/fr\/"},{"@type":"ListItem","position":2,"name":"Notre soci\u00e9t\u00e9"}]},{"@type":"WebSite","@id":"https:\/\/www.dafrapharma.com\/fr\/#website","url":"https:\/\/www.dafrapharma.com\/fr\/","name":"Dafra Pharma","description":"our quality healthcare partner in Sub-Saharan Africa","publisher":{"@id":"https:\/\/www.dafrapharma.com\/fr\/#organization"},"potentialAction":[{"@type":"SearchAction","target":{"@type":"EntryPoint","urlTemplate":"https:\/\/www.dafrapharma.com\/fr\/?s={search_term_string}"},"query-input":{"@type":"PropertyValueSpecification","valueRequired":true,"valueName":"search_term_string"}}],"inLanguage":"fr-FR"},{"@type":"Organization","@id":"https:\/\/www.dafrapharma.com\/fr\/#organization","name":"Dafra Pharma","url":"https:\/\/www.dafrapharma.com\/fr\/","logo":{"@type":"ImageObject","inLanguage":"fr-FR","@id":"https:\/\/www.dafrapharma.com\/fr\/#\/schema\/logo\/image\/","url":"https:\/\/www.dafrapharma.com\/wp-content\/uploads\/2021\/04\/Dafra-logo-01-1.svg","contentUrl":"https:\/\/www.dafrapharma.com\/wp-content\/uploads\/2021\/04\/Dafra-logo-01-1.svg","caption":"Dafra Pharma"},"image":{"@id":"https:\/\/www.dafrapharma.com\/fr\/#\/schema\/logo\/image\/"}}]}},"_links":{"self":[{"href":"https:\/\/www.dafrapharma.com\/fr\/wp-json\/wp\/v2\/pages\/893","targetHints":{"allow":["GET"]}}],"collection":[{"href":"https:\/\/www.dafrapharma.com\/fr\/wp-json\/wp\/v2\/pages"}],"about":[{"href":"https:\/\/www.dafrapharma.com\/fr\/wp-json\/wp\/v2\/types\/page"}],"author":[{"embeddable":true,"href":"https:\/\/www.dafrapharma.com\/fr\/wp-json\/wp\/v2\/users\/1"}],"replies":[{"embeddable":true,"href":"https:\/\/www.dafrapharma.com\/fr\/wp-json\/wp\/v2\/comments?post=893"}],"version-history":[{"count":3,"href":"https:\/\/www.dafrapharma.com\/fr\/wp-json\/wp\/v2\/pages\/893\/revisions"}],"predecessor-version":[{"id":8679,"href":"https:\/\/www.dafrapharma.com\/fr\/wp-json\/wp\/v2\/pages\/893\/revisions\/8679"}],"wp:featuredmedia":[{"embeddable":true,"href":"https:\/\/www.dafrapharma.com\/fr\/wp-json\/wp\/v2\/media\/180"}],"wp:attachment":[{"href":"https:\/\/www.dafrapharma.com\/fr\/wp-json\/wp\/v2\/media?parent=893"}],"wp:term":[{"taxonomy":"location","embeddable":true,"href":"https:\/\/www.dafrapharma.com\/fr\/wp-json\/wp\/v2\/location?post=893"}],"curies":[{"name":"wp","href":"https:\/\/api.w.org\/{rel}","templated":true}]}}