{"id":740,"date":"2021-06-24T13:20:17","date_gmt":"2021-06-24T11:20:17","guid":{"rendered":"https:\/\/dafrapharma.designbyfloor-beta.be\/notre-mission-et-vision\/"},"modified":"2021-08-11T15:39:41","modified_gmt":"2021-08-11T13:39:41","slug":"notre-mission-et-vision","status":"publish","type":"page","link":"https:\/\/www.dafrapharma.com\/fr\/notre-mission-et-vision\/","title":{"rendered":"Notre mission et vision"},"content":{"rendered":"\t\t<div data-elementor-type=\"wp-page\" data-elementor-id=\"740\" class=\"elementor elementor-740 elementor-264\" data-elementor-post-type=\"page\">\n\t\t\t\t\t\t<section class=\"elementor-section elementor-top-section elementor-element elementor-element-d7d8328 elementor-section-boxed elementor-section-height-default elementor-section-height-default\" data-id=\"d7d8328\" data-element_type=\"section\">\n\t\t\t\t\t\t<div class=\"elementor-container elementor-column-gap-default\">\n\t\t\t\t\t<div class=\"elementor-column elementor-col-100 elementor-top-column elementor-element elementor-element-e9d2c1b\" data-id=\"e9d2c1b\" data-element_type=\"column\" data-settings=\"{&quot;background_background&quot;:&quot;classic&quot;}\">\n\t\t\t<div class=\"elementor-widget-wrap elementor-element-populated\">\n\t\t\t\t\t\t<section class=\"elementor-section elementor-inner-section elementor-element elementor-element-e44fe7b elementor-section-boxed elementor-section-height-default elementor-section-height-default\" data-id=\"e44fe7b\" data-element_type=\"section\">\n\t\t\t\t\t\t<div class=\"elementor-container elementor-column-gap-default\">\n\t\t\t\t\t<div class=\"elementor-column elementor-col-100 elementor-inner-column elementor-element elementor-element-17072e3\" data-id=\"17072e3\" data-element_type=\"column\">\n\t\t\t<div class=\"elementor-widget-wrap elementor-element-populated\">\n\t\t\t\t\t\t<div class=\"elementor-element elementor-element-bf61589 elementor-widget elementor-widget-heading\" data-id=\"bf61589\" data-element_type=\"widget\" data-widget_type=\"heading.default\">\n\t\t\t\t<div class=\"elementor-widget-container\">\n\t\t\t\t\t<h1 class=\"elementor-heading-title elementor-size-default\">NOTRE MISSION<\/h1>\t\t\t\t<\/div>\n\t\t\t\t<\/div>\n\t\t\t\t<div class=\"elementor-element elementor-element-779bc3b elementor-widget elementor-widget-text-editor\" data-id=\"779bc3b\" data-element_type=\"widget\" data-widget_type=\"text-editor.default\">\n\t\t\t\t<div class=\"elementor-widget-container\">\n\t\t\t\t\t\t\t\t\t<p>Nous sommes une entreprise pharmaceutique europ\u00e9enne, dynamique et innovatrice. La sant\u00e9 et le bien-\u00eatre du peuple africain nous tiennent \u00e0 c\u0153ur. Nos clients nous reconnaissent comme partenaire solide pour les solutions m\u00e9dicales. Nous distribuons une large s\u00e9rie de produits de premi\u00e8re qualit\u00e9, disponible pour tous les patients.<\/p>\n\t\t\t\t\t\t\t\t<\/div>\n\t\t\t\t<\/div>\n\t\t\t\t\t<\/div>\n\t\t<\/div>\n\t\t\t\t\t<\/div>\n\t\t<\/section>\n\t\t\t\t<section class=\"elementor-section elementor-inner-section elementor-element elementor-element-4f711bb elementor-section-boxed elementor-section-height-default elementor-section-height-default\" data-id=\"4f711bb\" data-element_type=\"section\">\n\t\t\t\t\t\t<div class=\"elementor-container elementor-column-gap-default\">\n\t\t\t\t\t<div class=\"elementor-column elementor-col-50 elementor-inner-column elementor-element elementor-element-332186a\" data-id=\"332186a\" data-element_type=\"column\">\n\t\t\t<div class=\"elementor-widget-wrap elementor-element-populated\">\n\t\t\t\t\t\t<div class=\"elementor-element elementor-element-f1c3e51 elementor-widget elementor-widget-heading\" data-id=\"f1c3e51\" data-element_type=\"widget\" data-widget_type=\"heading.default\">\n\t\t\t\t<div class=\"elementor-widget-container\">\n\t\t\t\t\t<h1 class=\"elementor-heading-title elementor-size-default\">NOTRE VISION<\/h1>\t\t\t\t<\/div>\n\t\t\t\t<\/div>\n\t\t\t\t<div class=\"elementor-element elementor-element-8650848 elementor-widget elementor-widget-text-editor\" data-id=\"8650848\" data-element_type=\"widget\" data-widget_type=\"text-editor.default\">\n\t\t\t\t<div class=\"elementor-widget-container\">\n\t\t\t\t\t\t\t\t\t<h3>R\u00e9pondre aux besoins m\u00e9dicaux<\/h3>\n<p>Commenc\u00e9 comme entreprise antipaludique, depuis 2008, Dafra Pharma a \u00e9largi sa gamme de produits afin de r\u00e9pondre aux besoins m\u00e9dicaux de la population Africaine. Nous continuerons\u00a0\u00e0 \u00e9largir notre gamme de m\u00e9dicaments dans les prochaines ann\u00e9es.<\/p>\n<h3>Mettre l&rsquo;accent sur le travail en \u00e9quipe<\/h3>\n<p>Notre \u00e9quipe forte, enthousiaste, dynamique et avec l&rsquo;esprit ouvert refl\u00e8te les valeurs cl\u00e9s pour Dafra Pharma comme entreprise pharmaceutique\u00a0internationale:\u00a0l&rsquo;expertise, la fiabilit\u00e9, la qualit\u00e9 et la confiance. Notre \u00e9quipe fait face aux\u00a0d\u00e9fis avec honn\u00eatet\u00e9, expertise et pers\u00e9v\u00e9rance, en respectant l&rsquo;identit\u00e9 unique de nos clients, en \u00e9coutant \u00e0 leurs besoins et en d\u00e9passant les attentes.<\/p>\n<h3>Un partenariat de confiance et d&rsquo;appr\u00e9ciation<\/h3>\n<p>Dafra Pharma est constamment \u00e0 la recherche de nouveaux partenariats avec des entreprises de soins de sant\u00e9 innovatrices qui veulent entrer ou d\u00e9velopper leur pr\u00e9sence dans la r\u00e9gion subsaharienne.<\/p>\n\t\t\t\t\t\t\t\t<\/div>\n\t\t\t\t<\/div>\n\t\t\t\t\t<\/div>\n\t\t<\/div>\n\t\t\t\t<div class=\"elementor-column elementor-col-50 elementor-inner-column elementor-element elementor-element-62df942\" data-id=\"62df942\" data-element_type=\"column\" data-settings=\"{&quot;background_background&quot;:&quot;classic&quot;}\">\n\t\t\t<div class=\"elementor-widget-wrap elementor-element-populated\">\n\t\t\t\t\t\t<div class=\"elementor-element elementor-element-574ee76 elementor-widget elementor-widget-spacer\" data-id=\"574ee76\" data-element_type=\"widget\" data-widget_type=\"spacer.default\">\n\t\t\t\t<div class=\"elementor-widget-container\">\n\t\t\t\t\t\t\t<div class=\"elementor-spacer\">\n\t\t\t<div class=\"elementor-spacer-inner\"><\/div>\n\t\t<\/div>\n\t\t\t\t\t\t<\/div>\n\t\t\t\t<\/div>\n\t\t\t\t\t<\/div>\n\t\t<\/div>\n\t\t\t\t\t<\/div>\n\t\t<\/section>\n\t\t\t\t\t<\/div>\n\t\t<\/div>\n\t\t\t\t\t<\/div>\n\t\t<\/section>\n\t\t\t\t<\/div>\n\t\t","protected":false},"excerpt":{"rendered":"<p>NOTRE MISSION Nous sommes une entreprise pharmaceutique europ\u00e9enne, dynamique et innovatrice. La sant\u00e9 et le bien-\u00eatre du peuple africain nous tiennent \u00e0 c\u0153ur. Nos clients nous reconnaissent comme partenaire solide pour les solutions m\u00e9dicales. Nous distribuons une large s\u00e9rie de produits de premi\u00e8re qualit\u00e9, disponible pour tous les patients. NOTRE VISION R\u00e9pondre aux besoins m\u00e9dicaux [&hellip;]<\/p>\n","protected":false},"author":1,"featured_media":176,"parent":0,"menu_order":0,"comment_status":"closed","ping_status":"closed","template":"elementor_header_footer","meta":{"footnotes":""},"location":[67],"class_list":["post-740","page","type-page","status-publish","has-post-thumbnail","hentry","location-notre-societe"],"yoast_head":"<!-- This site is optimized with the Yoast SEO plugin v27.5 - https:\/\/yoast.com\/product\/yoast-seo-wordpress\/ -->\n<title>Notre mission et vision - Dafra Pharma<\/title>\n<meta name=\"robots\" content=\"index, follow, max-snippet:-1, max-image-preview:large, max-video-preview:-1\" \/>\n<link rel=\"canonical\" href=\"https:\/\/www.dafrapharma.com\/fr\/notre-mission-et-vision\/\" \/>\n<meta property=\"og:locale\" content=\"fr_FR\" \/>\n<meta property=\"og:type\" content=\"article\" \/>\n<meta property=\"og:title\" content=\"Notre mission et vision - Dafra Pharma\" \/>\n<meta property=\"og:description\" content=\"NOTRE MISSION Nous sommes une entreprise pharmaceutique europ\u00e9enne, dynamique et innovatrice. La sant\u00e9 et le bien-\u00eatre du peuple africain nous tiennent \u00e0 c\u0153ur. Nos clients nous reconnaissent comme partenaire solide pour les solutions m\u00e9dicales. Nous distribuons une large s\u00e9rie de produits de premi\u00e8re qualit\u00e9, disponible pour tous les patients. NOTRE VISION R\u00e9pondre aux besoins m\u00e9dicaux [&hellip;]\" \/>\n<meta property=\"og:url\" content=\"https:\/\/www.dafrapharma.com\/fr\/notre-mission-et-vision\/\" \/>\n<meta property=\"og:site_name\" content=\"Dafra Pharma\" \/>\n<meta property=\"article:modified_time\" content=\"2021-08-11T13:39:41+00:00\" \/>\n<meta property=\"og:image\" content=\"https:\/\/www.dafrapharma.com\/wp-content\/uploads\/2021\/06\/DafraPharma-Your-quality-healthcare-partner-in-Sub-Saharan-Africa-20.jpg\" \/>\n\t<meta property=\"og:image:width\" content=\"1333\" \/>\n\t<meta property=\"og:image:height\" content=\"2000\" \/>\n\t<meta property=\"og:image:type\" content=\"image\/jpeg\" \/>\n<meta name=\"twitter:card\" content=\"summary_large_image\" \/>\n<meta name=\"twitter:label1\" content=\"Dur\u00e9e de lecture estim\u00e9e\" \/>\n\t<meta name=\"twitter:data1\" content=\"1 minute\" \/>\n<script type=\"application\/ld+json\" class=\"yoast-schema-graph\">{\"@context\":\"https:\\\/\\\/schema.org\",\"@graph\":[{\"@type\":\"WebPage\",\"@id\":\"https:\\\/\\\/www.dafrapharma.com\\\/fr\\\/notre-mission-et-vision\\\/\",\"url\":\"https:\\\/\\\/www.dafrapharma.com\\\/fr\\\/notre-mission-et-vision\\\/\",\"name\":\"Notre mission et vision - Dafra Pharma\",\"isPartOf\":{\"@id\":\"https:\\\/\\\/www.dafrapharma.com\\\/fr\\\/#website\"},\"primaryImageOfPage\":{\"@id\":\"https:\\\/\\\/www.dafrapharma.com\\\/fr\\\/notre-mission-et-vision\\\/#primaryimage\"},\"image\":{\"@id\":\"https:\\\/\\\/www.dafrapharma.com\\\/fr\\\/notre-mission-et-vision\\\/#primaryimage\"},\"thumbnailUrl\":\"https:\\\/\\\/www.dafrapharma.com\\\/wp-content\\\/uploads\\\/2021\\\/06\\\/DafraPharma-Your-quality-healthcare-partner-in-Sub-Saharan-Africa-20.jpg\",\"datePublished\":\"2021-06-24T11:20:17+00:00\",\"dateModified\":\"2021-08-11T13:39:41+00:00\",\"breadcrumb\":{\"@id\":\"https:\\\/\\\/www.dafrapharma.com\\\/fr\\\/notre-mission-et-vision\\\/#breadcrumb\"},\"inLanguage\":\"fr-FR\",\"potentialAction\":[{\"@type\":\"ReadAction\",\"target\":[\"https:\\\/\\\/www.dafrapharma.com\\\/fr\\\/notre-mission-et-vision\\\/\"]}]},{\"@type\":\"ImageObject\",\"inLanguage\":\"fr-FR\",\"@id\":\"https:\\\/\\\/www.dafrapharma.com\\\/fr\\\/notre-mission-et-vision\\\/#primaryimage\",\"url\":\"https:\\\/\\\/www.dafrapharma.com\\\/wp-content\\\/uploads\\\/2021\\\/06\\\/DafraPharma-Your-quality-healthcare-partner-in-Sub-Saharan-Africa-20.jpg\",\"contentUrl\":\"https:\\\/\\\/www.dafrapharma.com\\\/wp-content\\\/uploads\\\/2021\\\/06\\\/DafraPharma-Your-quality-healthcare-partner-in-Sub-Saharan-Africa-20.jpg\",\"width\":1333,\"height\":2000},{\"@type\":\"BreadcrumbList\",\"@id\":\"https:\\\/\\\/www.dafrapharma.com\\\/fr\\\/notre-mission-et-vision\\\/#breadcrumb\",\"itemListElement\":[{\"@type\":\"ListItem\",\"position\":1,\"name\":\"Home\",\"item\":\"https:\\\/\\\/www.dafrapharma.com\\\/fr\\\/\"},{\"@type\":\"ListItem\",\"position\":2,\"name\":\"Notre mission et vision\"}]},{\"@type\":\"WebSite\",\"@id\":\"https:\\\/\\\/www.dafrapharma.com\\\/fr\\\/#website\",\"url\":\"https:\\\/\\\/www.dafrapharma.com\\\/fr\\\/\",\"name\":\"Dafra Pharma\",\"description\":\"our quality healthcare partner in Sub-Saharan Africa\",\"publisher\":{\"@id\":\"https:\\\/\\\/www.dafrapharma.com\\\/fr\\\/#organization\"},\"potentialAction\":[{\"@type\":\"SearchAction\",\"target\":{\"@type\":\"EntryPoint\",\"urlTemplate\":\"https:\\\/\\\/www.dafrapharma.com\\\/fr\\\/?s={search_term_string}\"},\"query-input\":{\"@type\":\"PropertyValueSpecification\",\"valueRequired\":true,\"valueName\":\"search_term_string\"}}],\"inLanguage\":\"fr-FR\"},{\"@type\":\"Organization\",\"@id\":\"https:\\\/\\\/www.dafrapharma.com\\\/fr\\\/#organization\",\"name\":\"Dafra Pharma\",\"url\":\"https:\\\/\\\/www.dafrapharma.com\\\/fr\\\/\",\"logo\":{\"@type\":\"ImageObject\",\"inLanguage\":\"fr-FR\",\"@id\":\"https:\\\/\\\/www.dafrapharma.com\\\/fr\\\/#\\\/schema\\\/logo\\\/image\\\/\",\"url\":\"https:\\\/\\\/www.dafrapharma.com\\\/wp-content\\\/uploads\\\/2021\\\/04\\\/Dafra-logo-01-1.svg\",\"contentUrl\":\"https:\\\/\\\/www.dafrapharma.com\\\/wp-content\\\/uploads\\\/2021\\\/04\\\/Dafra-logo-01-1.svg\",\"caption\":\"Dafra Pharma\"},\"image\":{\"@id\":\"https:\\\/\\\/www.dafrapharma.com\\\/fr\\\/#\\\/schema\\\/logo\\\/image\\\/\"}}]}<\/script>\n<!-- \/ Yoast SEO plugin. -->","yoast_head_json":{"title":"Notre mission et vision - Dafra Pharma","robots":{"index":"index","follow":"follow","max-snippet":"max-snippet:-1","max-image-preview":"max-image-preview:large","max-video-preview":"max-video-preview:-1"},"canonical":"https:\/\/www.dafrapharma.com\/fr\/notre-mission-et-vision\/","og_locale":"fr_FR","og_type":"article","og_title":"Notre mission et vision - Dafra Pharma","og_description":"NOTRE MISSION Nous sommes une entreprise pharmaceutique europ\u00e9enne, dynamique et innovatrice. La sant\u00e9 et le bien-\u00eatre du peuple africain nous tiennent \u00e0 c\u0153ur. Nos clients nous reconnaissent comme partenaire solide pour les solutions m\u00e9dicales. Nous distribuons une large s\u00e9rie de produits de premi\u00e8re qualit\u00e9, disponible pour tous les patients. NOTRE VISION R\u00e9pondre aux besoins m\u00e9dicaux [&hellip;]","og_url":"https:\/\/www.dafrapharma.com\/fr\/notre-mission-et-vision\/","og_site_name":"Dafra Pharma","article_modified_time":"2021-08-11T13:39:41+00:00","og_image":[{"width":1333,"height":2000,"url":"https:\/\/www.dafrapharma.com\/wp-content\/uploads\/2021\/06\/DafraPharma-Your-quality-healthcare-partner-in-Sub-Saharan-Africa-20.jpg","type":"image\/jpeg"}],"twitter_card":"summary_large_image","twitter_misc":{"Dur\u00e9e de lecture estim\u00e9e":"1 minute"},"schema":{"@context":"https:\/\/schema.org","@graph":[{"@type":"WebPage","@id":"https:\/\/www.dafrapharma.com\/fr\/notre-mission-et-vision\/","url":"https:\/\/www.dafrapharma.com\/fr\/notre-mission-et-vision\/","name":"Notre mission et vision - Dafra Pharma","isPartOf":{"@id":"https:\/\/www.dafrapharma.com\/fr\/#website"},"primaryImageOfPage":{"@id":"https:\/\/www.dafrapharma.com\/fr\/notre-mission-et-vision\/#primaryimage"},"image":{"@id":"https:\/\/www.dafrapharma.com\/fr\/notre-mission-et-vision\/#primaryimage"},"thumbnailUrl":"https:\/\/www.dafrapharma.com\/wp-content\/uploads\/2021\/06\/DafraPharma-Your-quality-healthcare-partner-in-Sub-Saharan-Africa-20.jpg","datePublished":"2021-06-24T11:20:17+00:00","dateModified":"2021-08-11T13:39:41+00:00","breadcrumb":{"@id":"https:\/\/www.dafrapharma.com\/fr\/notre-mission-et-vision\/#breadcrumb"},"inLanguage":"fr-FR","potentialAction":[{"@type":"ReadAction","target":["https:\/\/www.dafrapharma.com\/fr\/notre-mission-et-vision\/"]}]},{"@type":"ImageObject","inLanguage":"fr-FR","@id":"https:\/\/www.dafrapharma.com\/fr\/notre-mission-et-vision\/#primaryimage","url":"https:\/\/www.dafrapharma.com\/wp-content\/uploads\/2021\/06\/DafraPharma-Your-quality-healthcare-partner-in-Sub-Saharan-Africa-20.jpg","contentUrl":"https:\/\/www.dafrapharma.com\/wp-content\/uploads\/2021\/06\/DafraPharma-Your-quality-healthcare-partner-in-Sub-Saharan-Africa-20.jpg","width":1333,"height":2000},{"@type":"BreadcrumbList","@id":"https:\/\/www.dafrapharma.com\/fr\/notre-mission-et-vision\/#breadcrumb","itemListElement":[{"@type":"ListItem","position":1,"name":"Home","item":"https:\/\/www.dafrapharma.com\/fr\/"},{"@type":"ListItem","position":2,"name":"Notre mission et vision"}]},{"@type":"WebSite","@id":"https:\/\/www.dafrapharma.com\/fr\/#website","url":"https:\/\/www.dafrapharma.com\/fr\/","name":"Dafra Pharma","description":"our quality healthcare partner in Sub-Saharan Africa","publisher":{"@id":"https:\/\/www.dafrapharma.com\/fr\/#organization"},"potentialAction":[{"@type":"SearchAction","target":{"@type":"EntryPoint","urlTemplate":"https:\/\/www.dafrapharma.com\/fr\/?s={search_term_string}"},"query-input":{"@type":"PropertyValueSpecification","valueRequired":true,"valueName":"search_term_string"}}],"inLanguage":"fr-FR"},{"@type":"Organization","@id":"https:\/\/www.dafrapharma.com\/fr\/#organization","name":"Dafra Pharma","url":"https:\/\/www.dafrapharma.com\/fr\/","logo":{"@type":"ImageObject","inLanguage":"fr-FR","@id":"https:\/\/www.dafrapharma.com\/fr\/#\/schema\/logo\/image\/","url":"https:\/\/www.dafrapharma.com\/wp-content\/uploads\/2021\/04\/Dafra-logo-01-1.svg","contentUrl":"https:\/\/www.dafrapharma.com\/wp-content\/uploads\/2021\/04\/Dafra-logo-01-1.svg","caption":"Dafra Pharma"},"image":{"@id":"https:\/\/www.dafrapharma.com\/fr\/#\/schema\/logo\/image\/"}}]}},"_links":{"self":[{"href":"https:\/\/www.dafrapharma.com\/fr\/wp-json\/wp\/v2\/pages\/740","targetHints":{"allow":["GET"]}}],"collection":[{"href":"https:\/\/www.dafrapharma.com\/fr\/wp-json\/wp\/v2\/pages"}],"about":[{"href":"https:\/\/www.dafrapharma.com\/fr\/wp-json\/wp\/v2\/types\/page"}],"author":[{"embeddable":true,"href":"https:\/\/www.dafrapharma.com\/fr\/wp-json\/wp\/v2\/users\/1"}],"replies":[{"embeddable":true,"href":"https:\/\/www.dafrapharma.com\/fr\/wp-json\/wp\/v2\/comments?post=740"}],"version-history":[{"count":0,"href":"https:\/\/www.dafrapharma.com\/fr\/wp-json\/wp\/v2\/pages\/740\/revisions"}],"wp:featuredmedia":[{"embeddable":true,"href":"https:\/\/www.dafrapharma.com\/fr\/wp-json\/wp\/v2\/media\/176"}],"wp:attachment":[{"href":"https:\/\/www.dafrapharma.com\/fr\/wp-json\/wp\/v2\/media?parent=740"}],"wp:term":[{"taxonomy":"location","embeddable":true,"href":"https:\/\/www.dafrapharma.com\/fr\/wp-json\/wp\/v2\/location?post=740"}],"curies":[{"name":"wp","href":"https:\/\/api.w.org\/{rel}","templated":true}]}}