{"id":7252,"date":"2022-11-11T09:33:06","date_gmt":"2022-11-11T08:33:06","guid":{"rendered":"https:\/\/www.dafrapharma.com\/?page_id=7252"},"modified":"2022-11-11T09:34:08","modified_gmt":"2022-11-11T08:34:08","slug":"user-registration-fr-test","status":"publish","type":"page","link":"https:\/\/www.dafrapharma.com\/fr\/user-registration-fr-test\/","title":{"rendered":"User registration &#8211; FR test"},"content":{"rendered":"\t\t<div data-elementor-type=\"wp-page\" data-elementor-id=\"7252\" class=\"elementor elementor-7252\" data-elementor-post-type=\"page\">\n\t\t\t\t\t\t<section class=\"elementor-section elementor-top-section elementor-element elementor-element-4db0d50 elementor-section-boxed elementor-section-height-default elementor-section-height-default\" data-id=\"4db0d50\" data-element_type=\"section\">\n\t\t\t\t\t\t<div class=\"elementor-container elementor-column-gap-default\">\n\t\t\t\t\t<div class=\"elementor-column elementor-col-100 elementor-top-column elementor-element elementor-element-6c69716\" data-id=\"6c69716\" data-element_type=\"column\" data-settings=\"{&quot;background_background&quot;:&quot;classic&quot;}\">\n\t\t\t<div class=\"elementor-widget-wrap elementor-element-populated\">\n\t\t\t\t\t\t<div class=\"elementor-element elementor-element-e7f0292 elementor-widget elementor-widget-jet-engine-booking-form\" data-id=\"e7f0292\" data-element_type=\"widget\" data-widget_type=\"jet-engine-booking-form.default\">\n\t\t\t\t<div class=\"elementor-widget-container\">\n\t\t\t\t\t<form  class=\"jet-form layout-column submit-type-reload\" action=\"\/fr\/wp-json\/wp\/v2\/pages\/7252?jet_engine_action=book&#038;nocache=1778545769\" method=\"POST\" data-form-id=\"7250\"><input class=\"jet-form__field hidden-field\" type=\"hidden\" name=\"_jet_engine_booking_form_id\" value=\"7250\" data-field-name=\"_jet_engine_booking_form_id\"><input class=\"jet-form__field hidden-field\" type=\"hidden\" name=\"_jet_engine_refer\" value=\"https:\/\/www.dafrapharma.com\/fr\/wp-json\/wp\/v2\/pages\/7252\/\" data-field-name=\"_jet_engine_refer\"><div  class=\"jet-form-row jet-form-row--hidden\"><div class=\"jet-form-col jet-form-col-12  field-type-hidden  jet-form-field-container\" data-field=\"post_id\" data-conditional=\"false\"><input class=\"jet-form__field hidden-field\" type=\"hidden\" name=\"post_id\" value=\"7252\" data-field-name=\"post_id\"><\/div><\/div><div  class=\"jet-form-row jet-form-row--first-visible\"><div class=\"jet-form-col jet-form-col-12  field-type-text  jet-form-field-container\" data-field=\"Username\" data-conditional=\"false\"><div class=\"jet-form__label\">\n\t<span class=\"jet-form__label-text\" >Nom d'utilisateur<span class=\"jet-form__required\">*<\/span><\/span>\n\t<\/div><input class=\"jet-form__field text-field \" value=\"\" required=\"required\" name=\"Username\" id=\"Username\" type=\"text\" data-field-name=\"Username\"><\/div><\/div><div  class=\"jet-form-row\"><div class=\"jet-form-col jet-form-col-6  field-type-text  jet-form-field-container\" data-field=\"E-mail-address\" data-conditional=\"false\"><div class=\"jet-form__label\">\n\t<span class=\"jet-form__label-text\" >Courrier \u00e9lectronique<\/span>\n\t<\/div><input class=\"jet-form__field text-field \" value=\"\" name=\"E-mail-address\" id=\"E-mail-address\" type=\"email\" data-field-name=\"E-mail-address\"><\/div><div class=\"jet-form-col jet-form-col-6  field-type-text  jet-form-field-container\" data-field=\"Confirm-e-mail\" data-conditional=\"false\"><div class=\"jet-form__label\">\n\t<span class=\"jet-form__label-text\" > Confirmer l'adresse courrier \u00e9lectronique<\/span>\n\t<\/div><input class=\"jet-form__field text-field \" value=\"\" name=\"Confirm-e-mail\" id=\"Confirm-e-mail\" type=\"email\" data-field-name=\"Confirm-e-mail\"><\/div><\/div><div  class=\"jet-form-row\"><div class=\"jet-form-col jet-form-col-6  field-type-text  jet-form-field-container\" data-field=\"Password\" data-conditional=\"false\"><div class=\"jet-form__label\">\n\t<span class=\"jet-form__label-text\" >Mot de passe<span class=\"jet-form__required\">*<\/span><\/span>\n\t<\/div><input class=\"jet-form__field text-field \" value=\"\" required=\"required\" name=\"Password\" id=\"Password\" type=\"password\" data-field-name=\"Password\" minlength=\"6\"><small class=\"jet-form__desc\"><span class=\"jet-form__desc-text\">Le mot de passe doit comporter au moins six caract\u00e8res. Pour le rendre plus fort, utilisez des lettres majuscules et minuscules et des chiffres.<\/span><\/small><\/div><div class=\"jet-form-col jet-form-col-6  field-type-text  jet-form-field-container\" data-field=\"Confirm-password\" data-conditional=\"false\"><div class=\"jet-form__label\">\n\t<span class=\"jet-form__label-text\" >Confirmer le mot de passe<span class=\"jet-form__required\">*<\/span><\/span>\n\t<\/div><input class=\"jet-form__field text-field \" value=\"\" required=\"required\" name=\"Confirm-password\" id=\"Confirm-password\" type=\"password\" data-field-name=\"Confirm-password\"><\/div><\/div><div  class=\"jet-form-row\"><div class=\"jet-form-col jet-form-col-12  field-type-text  jet-form-field-container\" data-field=\"phone-number\" data-conditional=\"false\"><div class=\"jet-form__label\">\n\t<span class=\"jet-form__label-text\" >Num\u00e9ro de t\u00e9l\u00e9phone (WhatsApp)<span class=\"jet-form__required\">*<\/span><\/span>\n\t<\/div><input class=\"jet-form__field text-field \" value=\"\" required=\"required\" name=\"phone-number\" id=\"phone-number\" type=\"text\" data-field-name=\"phone-number\"><\/div><\/div><div  class=\"jet-form-row\"><div class=\"jet-form-col jet-form-col-12  field-type-radio  jet-form-field-container\" data-field=\"language\" data-conditional=\"false\"><div class=\"jet-form__label\">\n\t<span class=\"jet-form__label-text\" >Langue<span class=\"jet-form__required\">*<\/span><\/span>\n\t<\/div><div class=\"jet-form__fields-group checkradio-wrap\">\t\t<div class=\"jet-form__field-wrap radio-wrap checkradio-wrap\">\n\t\t\t\t\t\t<label class=\"jet-form__field-label\">\n\t\t\t\t<input\n\t\t\t\t\ttype=\"radio\"\n\t\t\t\t\tname=\"language\"\n\t\t\t\t\tclass=\"jet-form__field radio-field checkradio-field\"\n\t\t\t\t\tvalue=\"fran\u00e7ais\"\n\t\t\t\t\tdata-field-name=\"language\"\n\t\t\t\t\t\t\t\t\t\trequired=\"required\"\t\t\t\t\t\t\t\t\t\t\t\t\t\t>\n\t\t\t\tfran\u00e7ais\t\t\t<\/label>\n\t\t<\/div>\n\t\t\t\t<div class=\"jet-form__field-wrap radio-wrap checkradio-wrap\">\n\t\t\t\t\t\t<label class=\"jet-form__field-label\">\n\t\t\t\t<input\n\t\t\t\t\ttype=\"radio\"\n\t\t\t\t\tname=\"language\"\n\t\t\t\t\tclass=\"jet-form__field radio-field checkradio-field\"\n\t\t\t\t\tvalue=\"anglais\"\n\t\t\t\t\tdata-field-name=\"language\"\n\t\t\t\t\t\t\t\t\t\trequired=\"required\"\t\t\t\t\t\t\t\t\t\t\t\t\t\t>\n\t\t\t\tanglais\t\t\t<\/label>\n\t\t<\/div>\n\t\t<\/div><small class=\"jet-form__desc\"><span class=\"jet-form__desc-text\">La langue par d\u00e9faut de ce compte pour les e-mails, et la langue pr\u00e9f\u00e9r\u00e9e de pr\u00e9sentation du site.<\/span><\/small><\/div><\/div><div  class=\"jet-form-row\"><div class=\"jet-form-col jet-form-col-2  field-type-select  jet-form-field-container\" data-field=\"title\" data-conditional=\"false\"><div class=\"jet-form__label\">\n\t<span class=\"jet-form__label-text\" >Titre<span class=\"jet-form__required\">*<\/span><\/span>\n\t<\/div><select  required=\"required\" name=\"title\" data-field-name=\"title\" id=\"title\" data-default-val=\"\" class=\"jet-form__field select-field\"><option value=\"M.\" >M.<\/option><option value=\"Mme\" >Mme<\/option><option value=\"Mlle\" >Mlle<\/option><\/select><\/div><div class=\"jet-form-col jet-form-col-5  field-type-text  jet-form-field-container\" data-field=\"surname\" data-conditional=\"false\"><div class=\"jet-form__label\">\n\t<span class=\"jet-form__label-text\" >Nom<span class=\"jet-form__required\">*<\/span><\/span>\n\t<\/div><input class=\"jet-form__field text-field \" value=\"\" required=\"required\" name=\"surname\" id=\"surname\" type=\"text\" data-field-name=\"surname\"><\/div><div class=\"jet-form-col jet-form-col-5  field-type-text  jet-form-field-container\" data-field=\"first-name\" data-conditional=\"false\"><div class=\"jet-form__label\">\n\t<span class=\"jet-form__label-text\" >Pr\u00e9nom<span class=\"jet-form__required\">*<\/span><\/span>\n\t<\/div><input class=\"jet-form__field text-field \" value=\"\" required=\"required\" name=\"first-name\" id=\"first-name\" type=\"text\" data-field-name=\"first-name\"><\/div><\/div><div  class=\"jet-form-row\"><div class=\"jet-form-col jet-form-col-6  field-type-text  jet-form-field-container\" data-field=\"organisation-name\" data-conditional=\"false\"><div class=\"jet-form__label\">\n\t<span class=\"jet-form__label-text\" >Organisation<span class=\"jet-form__required\">*<\/span><\/span>\n\t<\/div><input class=\"jet-form__field text-field \" value=\"\" required=\"required\" name=\"organisation-name\" id=\"organisation-name\" type=\"text\" data-field-name=\"organisation-name\"><\/div><div class=\"jet-form-col jet-form-col-6  field-type-text  jet-form-field-container\" data-field=\"Profession\" data-conditional=\"false\"><div class=\"jet-form__label\">\n\t<span class=\"jet-form__label-text\" >Profession<\/span>\n\t<\/div><input class=\"jet-form__field text-field \" value=\"\" name=\"Profession\" id=\"Profession\" type=\"text\" data-field-name=\"Profession\"><\/div><\/div><div  class=\"jet-form-row\"><div class=\"jet-form-col jet-form-col-12  field-type-select  jet-form-field-container\" data-field=\"speciality\" data-conditional=\"false\"><div class=\"jet-form__label\">\n\t<span class=\"jet-form__label-text\" >Sp\u00e9cialit\u00e9<span class=\"jet-form__required\">*<\/span><\/span>\n\t<\/div><select  required=\"required\" name=\"speciality\" data-field-name=\"speciality\" id=\"speciality\" data-default-val=\"\" class=\"jet-form__field select-field\"><option value=\"\" selected>- S\u00e9lectionnez votre sp\u00e9cialit\u00e9 -<\/option><option value=\"Administrateur-des-Services-de-Sant\u00e9\" >Administrateur des Services de Sant\u00e9<\/option><option value=\"Allergologie\" >Allergologie<\/option><option value=\"Anesth\u00e9siologie\" >Anesth\u00e9siologie<\/option><option value=\"Assistant-m\u00e9dical\" >Assistant m\u00e9dical<\/option><option value=\"Auxiliaire-de-pharmacie\" >Auxiliaire de pharmacie<\/option><option value=\"Biologie\" >Biologie<\/option><option value=\"Cardiologie\" >Cardiologie<\/option><option value=\"Chirurgie\" >Chirurgie<\/option><option value=\"Dermatologie\" >Dermatologie<\/option><option value=\"Diab\u00e9tologie-Endocrinologie\" >Diab\u00e9tologie & Endocrinologie<\/option><option value=\"Direction\" >Direction<\/option><option value=\"Gastro-ent\u00e9rologie\" >Gastro-ent\u00e9rologie<\/option><option value=\"Gyn\u00e9cologie\" >Gyn\u00e9cologie<\/option><option value=\"H\u00e9matologie\" >H\u00e9matologie<\/option><option value=\"Infirmerie\" >Infirmerie<\/option><option value=\"Kin\u00e9sith\u00e9rapie\" >Kin\u00e9sith\u00e9rapie<\/option><option value=\"M\u00e9decine-g\u00e9n\u00e9rale\" >M\u00e9decine g\u00e9n\u00e9rale<\/option><option value=\"M\u00e9decine-interne\" >M\u00e9decine interne<\/option><option value=\"Neurochirurgie\" >Neurochirurgie<\/option><option value=\"Odonto-Stomatologie\" >Odonto & Stomatologie<\/option><option value=\"Ophtalmologie\" >Ophtalmologie<\/option><option value=\"ORL\" >ORL<\/option><option value=\"Partenaire-gouvernemental-ONG\" >Partenaire gouvernemental ou ONG<\/option><option value=\"P\u00e9diatrie\" >P\u00e9diatrie<\/option><option value=\"Pharmacie\" >Pharmacie<\/option><option value=\"Pneumologie\" >Pneumologie<\/option><option value=\"Psychologie\" >Psychologie<\/option><option value=\"Rhumatologie\" >Rhumatologie<\/option><option value=\"Sage-femme\" >Sage-femme<\/option><option value=\"T\u00e9l\u00e9marketing\" >T\u00e9l\u00e9marketing<\/option><option value=\"Traumatologie-Orthop\u00e9die\" >Traumatologie & Orthop\u00e9die<\/option><option value=\"Urologie-N\u00e9phrologie\" >Urologie & N\u00e9phrologie<\/option><option value=\"\u00c9tudiant\" >\u00c9tudiant(e)<\/option><option value=\"Autre-sp\u00e9cialit\u00e9\" >Autre sp\u00e9cialit\u00e9<\/option><\/select><\/div><\/div><div  class=\"jet-form-row\"><div class=\"jet-form-col jet-form-col-6  field-type-text  jet-form-field-container\" data-field=\"City\" data-conditional=\"false\"><div class=\"jet-form__label\">\n\t<span class=\"jet-form__label-text\" >Ville<\/span>\n\t<\/div><input class=\"jet-form__field text-field \" value=\"\" name=\"City\" id=\"City\" type=\"text\" data-field-name=\"City\"><\/div><div class=\"jet-form-col jet-form-col-6  field-type-select  jet-form-field-container\" data-field=\"Country\" data-conditional=\"false\"><div class=\"jet-form__label\">\n\t<span class=\"jet-form__label-text\" > Pays<span class=\"jet-form__required\">*<\/span><\/span>\n\t<\/div><select  required=\"required\" name=\"Country\" data-field-name=\"Country\" id=\"Country\" data-default-val=\"\" class=\"jet-form__field select-field\"><option value=\"\" selected>- S\u00e9lectionnez votre pays -<\/option><option value=\"l\u2019Angola\" >l\u2019Angola<\/option><option value=\"l\u2019Ouganda\" >l\u2019Ouganda<\/option><option value=\"la-Guin\u00e9e\" >la Guin\u00e9e<\/option><option value=\"la-Guin\u00e9e-\u00e9quatoriale\" >la Guin\u00e9e \u00e9quatoriale<\/option><option value=\"la-Mauritanie\" >la Mauritanie<\/option><option value=\"la-R\u00e9publique-Centrale-Africaine\" >la R\u00e9publique Centrale Africaine<\/option><option value=\"la-R\u00e9publique-de-la-C\u00f4te d\u2019Ivoire\" >la R\u00e9publique de la C\u00f4te d\u2019Ivoire<\/option><option value=\"republique-democratique-du-congo\" >la R\u00e9publique D\u00e9mocratique du Congo<\/option><option value=\"republique-du-congo\" >la R\u00e9publique du Congo<\/option><option value=\"somalie\" >la Somalie<\/option><option value=\"tanzanie\" >la Tanzanie<\/option><option value=\"zambie\" >la Zambie<\/option><option value=\"benin\" >le B\u00e9nin<\/option><option value=\"burkina-faso\" >le Burkina Faso<\/option><option value=\"burundi-fr\" >le Burundi<\/option><option value=\"cameroun\" >le Cameroun<\/option><option value=\"gabon\" >le Gabon<\/option><option value=\"kenya\" >le Kenya<\/option><option value=\"le-liberia\" >le Liberia<\/option><option value=\"mali\" >le Mali<\/option><option value=\"Senegal\" >le S\u00e9n\u00e9gal<\/option><option value=\"Tchad\" >le Tchad<\/option><option value=\"rca\" >la RCA<\/option><option value=\"togo\" >le Togo<\/option><option value=\"Niger\" >le Niger<\/option><option value=\"Madagascar\" >le Madagascar<\/option><\/select><\/div><\/div><div  class=\"jet-form-row\"><div class=\"jet-form-col jet-form-col-12  field-type-checkboxes  jet-form-field-container\" data-field=\"privacy\" data-conditional=\"false\"><div class=\"jet-form__fields-group checkradio-wrap\">\t\t<div class=\"jet-form__field-wrap checkboxes-wrap checkradio-wrap\">\n\t\t\t\t\t\t<label class=\"jet-form__field-label\">\n\t\t\t\t<input\n\t\t\t\t\ttype=\"checkbox\"\n\t\t\t\t\tname=\"privacy\"\n\t\t\t\t\tclass=\"jet-form__field checkboxes-field checkradio-field checkboxes-required\"\n\t\t\t\t\tvalue=\"privacy\"\n\t\t\t\t\tdata-field-name=\"privacy\"\n\t\t\t\t\t\t\t\t\t\trequired=\"required\"\t\t\t\t\t\t\t\t\t>\n\t\t\t\tJe d\u00e9clare \u00eatre un Professionnel de la Sant\u00e9 et j'accepte les conditions g\u00e9n\u00e9rales et la d\u00e9claration de confidentialit\u00e9 de ce site Web.\t\t\t<\/label>\n\t\t<\/div>\n\t\t<\/div><\/div><\/div><div  class=\"jet-form-row\"><div class=\"jet-form-col jet-form-col-12  field-type-heading  jet-form-field-container\" data-field=\"heading\" data-conditional=\"false\"><div class=\"jet-form__heading-desc\"><span class=\"jet-form__desc-text\">Consultez nos conditions g\u00e9n\u00e9rales et nos la d\u00e9claration de confidentialit\u00e9.<\/span><\/div><\/div><\/div><div  class=\"jet-form-row jet-form-row--submit\"><div class=\"jet-form-col jet-form-col-12  field-type-submit  jet-form-field-container\" data-field=\"Submit\" data-conditional=\"false\"><div class=\"jet-form__submit-wrap\">\n\t\t<button class=\"jet-form__submit submit-type-reload\" type=\"submit\">Cr\u00e9er un nouveau compte<\/button>\n<\/div><\/div><\/div><input class=\"jet-form__field hidden-field\" type=\"hidden\" name=\"_jet_engine_nonce\" value=\"3e9e611621\" data-field-name=\"_jet_engine_nonce\"><\/form>\t\t\t\t<\/div>\n\t\t\t\t<\/div>\n\t\t\t\t\t<\/div>\n\t\t<\/div>\n\t\t\t\t\t<\/div>\n\t\t<\/section>\n\t\t\t\t<\/div>\n\t\t","protected":false},"excerpt":{"rendered":"<p>Nom d&rsquo;utilisateur* Courrier \u00e9lectronique* Confirmer l&rsquo;adresse e-mail* Mot de passe* Le mot de passe doit comporter au moins six caract\u00e8res. Pour le rendre plus fort, utilisez des lettres majuscules et minuscules et des chiffres. Confirmer le mot de passe* Num\u00e9ro de t\u00e9l\u00e9phone* Langue* Fran\u00e7ais Anglais (English) La langue par d\u00e9faut de ce compte pour les [&hellip;]<\/p>\n","protected":false},"author":1,"featured_media":0,"parent":0,"menu_order":0,"comment_status":"closed","ping_status":"closed","template":"","meta":{"footnotes":""},"location":[],"class_list":["post-7252","page","type-page","status-publish","hentry"],"yoast_head":"<!-- This site is optimized with the Yoast SEO plugin v27.5 - https:\/\/yoast.com\/product\/yoast-seo-wordpress\/ -->\n<title>User registration - FR test - Dafra Pharma<\/title>\n<meta name=\"robots\" content=\"index, follow, max-snippet:-1, max-image-preview:large, max-video-preview:-1\" \/>\n<link rel=\"canonical\" href=\"https:\/\/www.dafrapharma.com\/fr\/user-registration-fr-test\/\" \/>\n<meta property=\"og:locale\" content=\"fr_FR\" \/>\n<meta property=\"og:type\" content=\"article\" \/>\n<meta property=\"og:title\" content=\"User registration - FR test - Dafra Pharma\" \/>\n<meta property=\"og:description\" content=\"Nom d&rsquo;utilisateur* Courrier \u00e9lectronique* Confirmer l&rsquo;adresse e-mail* Mot de passe* Le mot de passe doit comporter au moins six caract\u00e8res. Pour le rendre plus fort, utilisez des lettres majuscules et minuscules et des chiffres. Confirmer le mot de passe* Num\u00e9ro de t\u00e9l\u00e9phone* Langue* Fran\u00e7ais Anglais (English) La langue par d\u00e9faut de ce compte pour les [&hellip;]\" \/>\n<meta property=\"og:url\" content=\"https:\/\/www.dafrapharma.com\/fr\/user-registration-fr-test\/\" \/>\n<meta property=\"og:site_name\" content=\"Dafra Pharma\" \/>\n<meta property=\"article:modified_time\" content=\"2022-11-11T08:34:08+00:00\" \/>\n<meta name=\"twitter:card\" content=\"summary_large_image\" \/>\n<meta name=\"twitter:label1\" content=\"Dur\u00e9e de lecture estim\u00e9e\" \/>\n\t<meta name=\"twitter:data1\" content=\"2 minutes\" \/>\n<script type=\"application\/ld+json\" class=\"yoast-schema-graph\">{\"@context\":\"https:\\\/\\\/schema.org\",\"@graph\":[{\"@type\":\"WebPage\",\"@id\":\"https:\\\/\\\/www.dafrapharma.com\\\/fr\\\/user-registration-fr-test\\\/\",\"url\":\"https:\\\/\\\/www.dafrapharma.com\\\/fr\\\/user-registration-fr-test\\\/\",\"name\":\"User registration - FR test - Dafra Pharma\",\"isPartOf\":{\"@id\":\"https:\\\/\\\/www.dafrapharma.com\\\/fr\\\/#website\"},\"datePublished\":\"2022-11-11T08:33:06+00:00\",\"dateModified\":\"2022-11-11T08:34:08+00:00\",\"breadcrumb\":{\"@id\":\"https:\\\/\\\/www.dafrapharma.com\\\/fr\\\/user-registration-fr-test\\\/#breadcrumb\"},\"inLanguage\":\"fr-FR\",\"potentialAction\":[{\"@type\":\"ReadAction\",\"target\":[\"https:\\\/\\\/www.dafrapharma.com\\\/fr\\\/user-registration-fr-test\\\/\"]}]},{\"@type\":\"BreadcrumbList\",\"@id\":\"https:\\\/\\\/www.dafrapharma.com\\\/fr\\\/user-registration-fr-test\\\/#breadcrumb\",\"itemListElement\":[{\"@type\":\"ListItem\",\"position\":1,\"name\":\"Home\",\"item\":\"https:\\\/\\\/www.dafrapharma.com\\\/fr\\\/\"},{\"@type\":\"ListItem\",\"position\":2,\"name\":\"User registration &#8211; FR test\"}]},{\"@type\":\"WebSite\",\"@id\":\"https:\\\/\\\/www.dafrapharma.com\\\/fr\\\/#website\",\"url\":\"https:\\\/\\\/www.dafrapharma.com\\\/fr\\\/\",\"name\":\"Dafra Pharma\",\"description\":\"our quality healthcare partner in Sub-Saharan Africa\",\"publisher\":{\"@id\":\"https:\\\/\\\/www.dafrapharma.com\\\/fr\\\/#organization\"},\"potentialAction\":[{\"@type\":\"SearchAction\",\"target\":{\"@type\":\"EntryPoint\",\"urlTemplate\":\"https:\\\/\\\/www.dafrapharma.com\\\/fr\\\/?s={search_term_string}\"},\"query-input\":{\"@type\":\"PropertyValueSpecification\",\"valueRequired\":true,\"valueName\":\"search_term_string\"}}],\"inLanguage\":\"fr-FR\"},{\"@type\":\"Organization\",\"@id\":\"https:\\\/\\\/www.dafrapharma.com\\\/fr\\\/#organization\",\"name\":\"Dafra Pharma\",\"url\":\"https:\\\/\\\/www.dafrapharma.com\\\/fr\\\/\",\"logo\":{\"@type\":\"ImageObject\",\"inLanguage\":\"fr-FR\",\"@id\":\"https:\\\/\\\/www.dafrapharma.com\\\/fr\\\/#\\\/schema\\\/logo\\\/image\\\/\",\"url\":\"https:\\\/\\\/www.dafrapharma.com\\\/wp-content\\\/uploads\\\/2021\\\/04\\\/Dafra-logo-01-1.svg\",\"contentUrl\":\"https:\\\/\\\/www.dafrapharma.com\\\/wp-content\\\/uploads\\\/2021\\\/04\\\/Dafra-logo-01-1.svg\",\"caption\":\"Dafra Pharma\"},\"image\":{\"@id\":\"https:\\\/\\\/www.dafrapharma.com\\\/fr\\\/#\\\/schema\\\/logo\\\/image\\\/\"}}]}<\/script>\n<!-- \/ Yoast SEO plugin. -->","yoast_head_json":{"title":"User registration - FR test - Dafra Pharma","robots":{"index":"index","follow":"follow","max-snippet":"max-snippet:-1","max-image-preview":"max-image-preview:large","max-video-preview":"max-video-preview:-1"},"canonical":"https:\/\/www.dafrapharma.com\/fr\/user-registration-fr-test\/","og_locale":"fr_FR","og_type":"article","og_title":"User registration - FR test - Dafra Pharma","og_description":"Nom d&rsquo;utilisateur* Courrier \u00e9lectronique* Confirmer l&rsquo;adresse e-mail* Mot de passe* Le mot de passe doit comporter au moins six caract\u00e8res. Pour le rendre plus fort, utilisez des lettres majuscules et minuscules et des chiffres. Confirmer le mot de passe* Num\u00e9ro de t\u00e9l\u00e9phone* Langue* Fran\u00e7ais Anglais (English) La langue par d\u00e9faut de ce compte pour les [&hellip;]","og_url":"https:\/\/www.dafrapharma.com\/fr\/user-registration-fr-test\/","og_site_name":"Dafra Pharma","article_modified_time":"2022-11-11T08:34:08+00:00","twitter_card":"summary_large_image","twitter_misc":{"Dur\u00e9e de lecture estim\u00e9e":"2 minutes"},"schema":{"@context":"https:\/\/schema.org","@graph":[{"@type":"WebPage","@id":"https:\/\/www.dafrapharma.com\/fr\/user-registration-fr-test\/","url":"https:\/\/www.dafrapharma.com\/fr\/user-registration-fr-test\/","name":"User registration - FR test - Dafra Pharma","isPartOf":{"@id":"https:\/\/www.dafrapharma.com\/fr\/#website"},"datePublished":"2022-11-11T08:33:06+00:00","dateModified":"2022-11-11T08:34:08+00:00","breadcrumb":{"@id":"https:\/\/www.dafrapharma.com\/fr\/user-registration-fr-test\/#breadcrumb"},"inLanguage":"fr-FR","potentialAction":[{"@type":"ReadAction","target":["https:\/\/www.dafrapharma.com\/fr\/user-registration-fr-test\/"]}]},{"@type":"BreadcrumbList","@id":"https:\/\/www.dafrapharma.com\/fr\/user-registration-fr-test\/#breadcrumb","itemListElement":[{"@type":"ListItem","position":1,"name":"Home","item":"https:\/\/www.dafrapharma.com\/fr\/"},{"@type":"ListItem","position":2,"name":"User registration &#8211; FR test"}]},{"@type":"WebSite","@id":"https:\/\/www.dafrapharma.com\/fr\/#website","url":"https:\/\/www.dafrapharma.com\/fr\/","name":"Dafra Pharma","description":"our quality healthcare partner in Sub-Saharan Africa","publisher":{"@id":"https:\/\/www.dafrapharma.com\/fr\/#organization"},"potentialAction":[{"@type":"SearchAction","target":{"@type":"EntryPoint","urlTemplate":"https:\/\/www.dafrapharma.com\/fr\/?s={search_term_string}"},"query-input":{"@type":"PropertyValueSpecification","valueRequired":true,"valueName":"search_term_string"}}],"inLanguage":"fr-FR"},{"@type":"Organization","@id":"https:\/\/www.dafrapharma.com\/fr\/#organization","name":"Dafra Pharma","url":"https:\/\/www.dafrapharma.com\/fr\/","logo":{"@type":"ImageObject","inLanguage":"fr-FR","@id":"https:\/\/www.dafrapharma.com\/fr\/#\/schema\/logo\/image\/","url":"https:\/\/www.dafrapharma.com\/wp-content\/uploads\/2021\/04\/Dafra-logo-01-1.svg","contentUrl":"https:\/\/www.dafrapharma.com\/wp-content\/uploads\/2021\/04\/Dafra-logo-01-1.svg","caption":"Dafra Pharma"},"image":{"@id":"https:\/\/www.dafrapharma.com\/fr\/#\/schema\/logo\/image\/"}}]}},"_links":{"self":[{"href":"https:\/\/www.dafrapharma.com\/fr\/wp-json\/wp\/v2\/pages\/7252","targetHints":{"allow":["GET"]}}],"collection":[{"href":"https:\/\/www.dafrapharma.com\/fr\/wp-json\/wp\/v2\/pages"}],"about":[{"href":"https:\/\/www.dafrapharma.com\/fr\/wp-json\/wp\/v2\/types\/page"}],"author":[{"embeddable":true,"href":"https:\/\/www.dafrapharma.com\/fr\/wp-json\/wp\/v2\/users\/1"}],"replies":[{"embeddable":true,"href":"https:\/\/www.dafrapharma.com\/fr\/wp-json\/wp\/v2\/comments?post=7252"}],"version-history":[{"count":0,"href":"https:\/\/www.dafrapharma.com\/fr\/wp-json\/wp\/v2\/pages\/7252\/revisions"}],"wp:attachment":[{"href":"https:\/\/www.dafrapharma.com\/fr\/wp-json\/wp\/v2\/media?parent=7252"}],"wp:term":[{"taxonomy":"location","embeddable":true,"href":"https:\/\/www.dafrapharma.com\/fr\/wp-json\/wp\/v2\/location?post=7252"}],"curies":[{"name":"wp","href":"https:\/\/api.w.org\/{rel}","templated":true}]}}